{"id":24683,"date":"2022-04-04T10:51:30","date_gmt":"2022-04-04T09:51:30","guid":{"rendered":"https:\/\/www.funeraillesdesablens.be\/uitvaart-regelen-met-logghe\/"},"modified":"2025-06-23T10:15:40","modified_gmt":"2025-06-23T09:15:40","slug":"organiser-des-funerailles-desablens-sereni","status":"publish","type":"page","link":"https:\/\/www.funeraillesdesablens.be\/fr\/organiser-des-funerailles-desablens-sereni\/","title":{"rendered":"Organiser des fun\u00e9railles"},"content":{"rendered":"\n<div id=\"block-main-banner-block_72565cbc1a1d6f7707f6036701930fa6\" class=\"block-main-banner aligncenter\">\n    <div class=\"container\">\n        <div class=\"banner-wrap layout2 content_right content_top\">\n            <div class=\"banner-image\">\n                                                            <img decoding=\"async\" width=\"940\" height=\"1440\" src=\"https:\/\/www.touche.be\/app\/uploads\/sites\/44\/2022\/10\/8859-web-scaled-e1666700590510-940x1440.jpg\" class=\"attachment-full-stretched size-full-stretched\" alt=\"Organiser des fun\u00e9railles\" srcset=\"https:\/\/www.touche.be\/app\/uploads\/sites\/44\/2022\/10\/8859-web-scaled-e1666700590510-940x1440.jpg 940w, https:\/\/www.touche.be\/app\/uploads\/sites\/44\/2022\/10\/8859-web-scaled-e1666700590510-196x300.jpg 196w, https:\/\/www.touche.be\/app\/uploads\/sites\/44\/2022\/10\/8859-web-scaled-e1666700590510-668x1024.jpg 668w, https:\/\/www.touche.be\/app\/uploads\/sites\/44\/2022\/10\/8859-web-scaled-e1666700590510-1002x1536.jpg 1002w, https:\/\/www.touche.be\/app\/uploads\/sites\/44\/2022\/10\/8859-web-scaled-e1666700590510-848x1300.jpg 848w, https:\/\/www.touche.be\/app\/uploads\/sites\/44\/2022\/10\/8859-web-scaled-e1666700590510-391x600.jpg 391w, https:\/\/www.touche.be\/app\/uploads\/sites\/44\/2022\/10\/8859-web-scaled-e1666700590510.jpg 1549w\" sizes=\"(max-width: 940px) 100vw, 940px\" title=\"Organiser des fun\u00e9railles\" \/>                                                <\/div>\n\n                            <div class=\"banner-content\">\n                    <div class=\"inner\">\n                        <h2>Que faire en cas <a href=\"https:\/\/www.sereni.be\/menu\/fr\/organiser-des-funerailles\">de d\u00e9c\u00e8s<\/a> ?<\/h2>\n<ol>\n<li>En cas de d\u00e9c\u00e8s \u00e0 domicile, informer le m\u00e9decin g\u00e9n\u00e9raliste. Il devra constater officiellement le d\u00e9c\u00e8s et r\u00e9diger un certificat de d\u00e9c\u00e8s et si cela est votre choix, compl\u00e9ter un formulaire de demande d\u2019incin\u00e9ration.<\/li>\n<li>Informer votre famille proche et vos amis qui pourraient vouloir venir dire au revoir au d\u00e9funt.<\/li>\n<li>Contacter\u00a0<strong>Desablens<\/strong>\u00a0qui coordonne tout le c\u00f4t\u00e9 pratique. Le transfert du d\u00e9funt vers le fun\u00e9rarium o\u00f9 les soins lui seront prodigu\u00e9s.<\/li>\n<li>De plus, nous vous guidons dans les choix fun\u00e9raires, le choix de l\u2019inhumation ou de la cr\u00e9mation, l\u2019achat ou pas d\u2019une concession. Nous organisons ensemble les obs\u00e8ques. Nous vous assistons tout au long du processus et rendons le c\u00f4t\u00e9 pratique aussi simple que possible. De cette fa\u00e7on, nous vous laissons l\u2019espace pour vous concentrer sur ce qui compte vraiment : le processus de deuil.<\/li>\n<li>Nous vous accompagnons pleinement sur le plan administratif et fiscal. <strong>Desablens<\/strong>\u00a0vous assistent tout au long du processus, y compris apr\u00e8s les fun\u00e9railles. Vous pouvez \u00e9galement nous contacter pour \u00eatre \u00e9paul\u00e9 dans le cheminement de votre deuil ainsi qu\u2019en cas de questions pratiques apr\u00e8s les fun\u00e9railles elles-m\u00eames.<\/li>\n<\/ol>\n<p><a class=\"btn btn-primary\" href=\"https:\/\/www.funeraillesdesablens.be\/fr\/contact\/\">Signaliser un d\u00e8ces<\/a><\/p>\n                    <\/div>\n                <\/div>\n                    <\/div>\n    <\/div>\n<\/div>\n\n\n\n<div id=\"block-main-banner-block_3d59ccb999628383da2d3fe0bcaafbd8\" class=\"block-main-banner\">\n    <div class=\"container\">\n        <div class=\"banner-wrap layout2 content_left content_top\">\n            <div class=\"banner-image\">\n                                                            <img decoding=\"async\" width=\"1440\" height=\"951\" src=\"https:\/\/www.touche.be\/app\/uploads\/sites\/44\/2022\/10\/8985-web-e1666700628176-1440x951.jpg\" class=\"attachment-full-stretched size-full-stretched\" alt=\"Organiser des fun\u00e9railles\" srcset=\"https:\/\/www.touche.be\/app\/uploads\/sites\/44\/2022\/10\/8985-web-e1666700628176-1440x951.jpg 1440w, https:\/\/www.touche.be\/app\/uploads\/sites\/44\/2022\/10\/8985-web-e1666700628176-300x198.jpg 300w, https:\/\/www.touche.be\/app\/uploads\/sites\/44\/2022\/10\/8985-web-e1666700628176-1024x677.jpg 1024w, https:\/\/www.touche.be\/app\/uploads\/sites\/44\/2022\/10\/8985-web-e1666700628176-1536x1015.jpg 1536w, https:\/\/www.touche.be\/app\/uploads\/sites\/44\/2022\/10\/8985-web-e1666700628176-454x300.jpg 454w, https:\/\/www.touche.be\/app\/uploads\/sites\/44\/2022\/10\/8985-web-e1666700628176-1300x859.jpg 1300w, https:\/\/www.touche.be\/app\/uploads\/sites\/44\/2022\/10\/8985-web-e1666700628176-600x396.jpg 600w, https:\/\/www.touche.be\/app\/uploads\/sites\/44\/2022\/10\/8985-web-e1666700628176.jpg 1780w\" sizes=\"(max-width: 1440px) 100vw, 1440px\" title=\"Organiser des fun\u00e9railles\" \/>                                                <\/div>\n\n                            <div class=\"banner-content\">\n                    <div class=\"inner\">\n                        <h2>Que fait Desablens pour vous ?<\/h2>\n<ol>\n<li>Le soutien administratif.<\/li>\n<li>D\u00e8s que nous sommes en possession du certificat de d\u00e9c\u00e8s, du formulaire de demande d\u2019incin\u00e9ration (si n\u00e9cessaire) et de la carte d\u2019identit\u00e9, nous pouvons transf\u00e9rer le corps du d\u00e9funt dans notre fun\u00e9rarium, en prendre soin et d\u00e9clarer le d\u00e9c\u00e8s \u00e0 la maison communale afin d\u2019obtenir une copie de l\u2019acte de d\u00e9c\u00e8s et les autorisations d\u2019inhumation ou incin\u00e9ration.<\/li>\n<li>Nous planifions les visites au fun\u00e9rarium, le jour et l\u2019heure des obs\u00e8ques et la r\u00e9ception apr\u00e8s fun\u00e9railles selon vos souhaits.<\/li>\n<li>Nous voyons avec vous point par point et dans les d\u00e9tails toutes les \u00e9tapes de l\u2019organisation des fun\u00e9railles.<\/li>\n<\/ol>\n<p><a class=\"btn btn-primary\" href=\"https:\/\/www.funeraillesdesablens.be\/fr\/anticiper-et-prevoir\/\">Anticiper et pr\u00e9voir<\/a><\/p>\n                    <\/div>\n                <\/div>\n                    <\/div>\n    <\/div>\n<\/div>\n\n\n<div id=\"block-variable-content-list-block_04887a2bca608fc88ae0067a9bb06187\" class=\"block-variable-content-list default\">\n    <div class=\"container\">\n        <div class=\"widget-wrap per_row_2\">\n                            <div class=\"block-heading\">\n                    <span class=\"heading\">Aide pendant et apr\u00e8s le fun\u00e9raire<\/span>\n                <\/div>\n                        <div class=\"block-content\">\n                                                                                    <div class=\"element\">\n                                                            \n                                                                    <div class=\"image-wrap\">\n                                                                                    <a href=\"https:\/\/www.funeraillesdesablens.be\/fr\/organiser-des-funerailles\/aide-administrative\/\">\n                                                                                    <img decoding=\"async\" width=\"1024\" height=\"683\" src=\"https:\/\/www.touche.be\/app\/uploads\/sites\/44\/2022\/04\/CMS_BegrafenissenLogghe_Nazorg-1024x683.jpg\" class=\"attachment-large size-large\" alt=\"Organiser des fun\u00e9railles\" srcset=\"https:\/\/www.touche.be\/app\/uploads\/sites\/44\/2022\/04\/CMS_BegrafenissenLogghe_Nazorg-1024x683.jpg 1024w, https:\/\/www.touche.be\/app\/uploads\/sites\/44\/2022\/04\/CMS_BegrafenissenLogghe_Nazorg-300x200.jpg 300w, https:\/\/www.touche.be\/app\/uploads\/sites\/44\/2022\/04\/CMS_BegrafenissenLogghe_Nazorg-768x512.jpg 768w, https:\/\/www.touche.be\/app\/uploads\/sites\/44\/2022\/04\/CMS_BegrafenissenLogghe_Nazorg-90x60.jpg 90w, https:\/\/www.touche.be\/app\/uploads\/sites\/44\/2022\/04\/CMS_BegrafenissenLogghe_Nazorg-105x70.jpg 105w, https:\/\/www.touche.be\/app\/uploads\/sites\/44\/2022\/04\/CMS_BegrafenissenLogghe_Nazorg-450x300.jpg 450w, https:\/\/www.touche.be\/app\/uploads\/sites\/44\/2022\/04\/CMS_BegrafenissenLogghe_Nazorg-600x400.jpg 600w, https:\/\/www.touche.be\/app\/uploads\/sites\/44\/2022\/04\/CMS_BegrafenissenLogghe_Nazorg.jpg 1200w\" sizes=\"(max-width: 1024px) 100vw, 1024px\" title=\"Organiser des fun\u00e9railles\" \/>                                                                                    <\/a>\n                                                                            <\/div>\n                                \n                                                                    <div class=\"content-wrap\">\n                                        <h3>Soutien Administratif<\/h3>\n<p><b>Desablens <\/b>est l\u00e0 pour \u00e9changer, r\u00e9pondre \u00e0 vos questions et vous assister si n\u00e9cessaire. Egalement pour toutes t\u00e2ches administratives et fiscales. Vous choisissez comment, ensemble nous examinons en d\u00e9tail les progr\u00e8s futurs.<\/p>\n<p><a class=\"btn btn-primary\" href=\"https:\/\/www.funeraillesdesablens.be\/fr\/organiser-des-funerailles\/aide-administrative\/\">Aide administrative<\/a><\/p>\n<h3><\/h3>\n<p>&nbsp;<\/p>\n                                    <\/div>\n                                                                                    <\/div>\n                                                                    <div class=\"element\">\n                                                            \n                                                                    <div class=\"image-wrap\">\n                                                                                    <a href=\"https:\/\/www.funeraillesdesablens.be\/fr\/organiser-des-funerailles\/conseil-en-cas-de-deuil\/\">\n                                                                                    <img decoding=\"async\" width=\"1024\" height=\"683\" src=\"https:\/\/www.touche.be\/app\/uploads\/sites\/44\/2022\/04\/CMS_BegrafenissenLogghe_Gebed-1024x683.jpg\" class=\"attachment-large size-large\" alt=\"Organiser des fun\u00e9railles\" srcset=\"https:\/\/www.touche.be\/app\/uploads\/sites\/44\/2022\/04\/CMS_BegrafenissenLogghe_Gebed-1024x683.jpg 1024w, https:\/\/www.touche.be\/app\/uploads\/sites\/44\/2022\/04\/CMS_BegrafenissenLogghe_Gebed-300x200.jpg 300w, https:\/\/www.touche.be\/app\/uploads\/sites\/44\/2022\/04\/CMS_BegrafenissenLogghe_Gebed-768x512.jpg 768w, https:\/\/www.touche.be\/app\/uploads\/sites\/44\/2022\/04\/CMS_BegrafenissenLogghe_Gebed-90x60.jpg 90w, https:\/\/www.touche.be\/app\/uploads\/sites\/44\/2022\/04\/CMS_BegrafenissenLogghe_Gebed-105x70.jpg 105w, https:\/\/www.touche.be\/app\/uploads\/sites\/44\/2022\/04\/CMS_BegrafenissenLogghe_Gebed-450x300.jpg 450w, https:\/\/www.touche.be\/app\/uploads\/sites\/44\/2022\/04\/CMS_BegrafenissenLogghe_Gebed-600x400.jpg 600w, https:\/\/www.touche.be\/app\/uploads\/sites\/44\/2022\/04\/CMS_BegrafenissenLogghe_Gebed.jpg 1200w\" sizes=\"(max-width: 1024px) 100vw, 1024px\" title=\"Organiser des fun\u00e9railles\" \/>                                                                                    <\/a>\n                                                                            <\/div>\n                                \n                                                                    <div class=\"content-wrap\">\n                                        <h3>Aide aux personnes endeuill\u00e9es<\/h3>\n<p>Laissez l\u2019un de nos psychologues professionnels vous guider dans le processus de deuil. Il n\u2019y a pas de manuel pour faire son deuil. Vous choisissez ce qui vous convient le mieux.<\/p>\n<p><a class=\"btn btn-primary\" href=\"https:\/\/www.funeraillesdesablens.be\/fr\/organiser-des-funerailles\/conseil-en-cas-de-deuil\/\">Aide aux personnes endeuill\u00e9es<\/a><\/p>\n<h3><\/h3>\n<p>&nbsp;<\/p>\n                                    <\/div>\n                                                                                    <\/div>\n                                                                    <div class=\"element\">\n                                                            \n                                \n                                                                                    <\/div>\n                                                <\/div>\n        <\/div>\n    <\/div>\n<\/div>\n","protected":false},"excerpt":{"rendered":"","protected":false},"author":1,"featured_media":0,"parent":0,"menu_order":0,"comment_status":"closed","ping_status":"closed","template":"","meta":{"_acf_changed":false,"footnotes":""},"class_list":["post-24683","page","type-page","status-publish","hentry"],"acf":[],"yoast_head":"<!-- This site is optimized with the Yoast SEO plugin v25.8 - https:\/\/yoast.com\/wordpress\/plugins\/seo\/ -->\n<title>Organiser des fun\u00e9railles Desablens I Sereni<\/title>\n<meta name=\"description\" content=\"Organiser des fun\u00e9railles avec Desablens se fait enti\u00e8rement selon vos souhaits. Nous vous guidons de A \u00e0 Z. Contactez-nous.\" \/>\n<meta name=\"robots\" content=\"index, follow, max-snippet:-1, max-image-preview:large, max-video-preview:-1\" \/>\n<link rel=\"canonical\" href=\"https:\/\/www.funeraillesdesablens.be\/fr\/organiser-des-funerailles-desablens-sereni\/\" \/>\n<meta property=\"og:locale\" content=\"fr_FR\" \/>\n<meta property=\"og:type\" content=\"article\" \/>\n<meta property=\"og:title\" content=\"Organiser des fun\u00e9railles Desablens I Sereni\" \/>\n<meta property=\"og:description\" content=\"Organiser des fun\u00e9railles avec Desablens se fait enti\u00e8rement selon vos souhaits. Nous vous guidons de A \u00e0 Z. Contactez-nous.\" \/>\n<meta property=\"og:url\" content=\"https:\/\/www.funeraillesdesablens.be\/fr\/organiser-des-funerailles-desablens-sereni\/\" \/>\n<meta property=\"og:site_name\" content=\"Desablens\" \/>\n<meta property=\"article:modified_time\" content=\"2025-06-23T09:15:40+00:00\" \/>\n<meta property=\"og:image\" content=\"https:\/\/www.touche.be\/app\/uploads\/sites\/44\/2025\/06\/Social-image-Desablens-6.jpg\" \/>\n\t<meta property=\"og:image:width\" content=\"1800\" \/>\n\t<meta property=\"og:image:height\" content=\"628\" \/>\n\t<meta property=\"og:image:type\" content=\"image\/jpeg\" \/>\n<meta name=\"twitter:card\" content=\"summary_large_image\" \/>\n<meta name=\"twitter:label1\" content=\"Est. reading time\" \/>\n\t<meta name=\"twitter:data1\" content=\"3 minutes\" \/>\n<script type=\"application\/ld+json\" class=\"yoast-schema-graph\">{\"@context\":\"https:\/\/schema.org\",\"@graph\":[{\"@type\":\"WebPage\",\"@id\":\"https:\/\/www.funeraillesdesablens.be\/fr\/organiser-des-funerailles-desablens-sereni\/\",\"url\":\"https:\/\/www.funeraillesdesablens.be\/fr\/organiser-des-funerailles-desablens-sereni\/\",\"name\":\"Organiser des fun\u00e9railles Desablens I Sereni\",\"isPartOf\":{\"@id\":\"https:\/\/www.funeraillesdesablens.be\/fr\/#website\"},\"datePublished\":\"2022-04-04T09:51:30+00:00\",\"dateModified\":\"2025-06-23T09:15:40+00:00\",\"description\":\"Organiser des fun\u00e9railles avec Desablens se fait enti\u00e8rement selon vos souhaits. Nous vous guidons de A \u00e0 Z. Contactez-nous.\",\"inLanguage\":\"fr-FR\",\"potentialAction\":[{\"@type\":\"ReadAction\",\"target\":[\"https:\/\/www.funeraillesdesablens.be\/fr\/organiser-des-funerailles-desablens-sereni\/\"]}]},{\"@type\":\"WebSite\",\"@id\":\"https:\/\/www.funeraillesdesablens.be\/fr\/#website\",\"url\":\"https:\/\/www.funeraillesdesablens.be\/fr\/\",\"name\":\"Desablens\",\"description\":\"Just another Sereni site\",\"potentialAction\":[{\"@type\":\"SearchAction\",\"target\":{\"@type\":\"EntryPoint\",\"urlTemplate\":\"https:\/\/www.funeraillesdesablens.be\/fr\/?s={search_term_string}\"},\"query-input\":{\"@type\":\"PropertyValueSpecification\",\"valueRequired\":true,\"valueName\":\"search_term_string\"}}],\"inLanguage\":\"fr-FR\"}]}<\/script>\n<!-- \/ Yoast SEO plugin. -->","yoast_head_json":{"title":"Organiser des fun\u00e9railles Desablens I Sereni","description":"Organiser des fun\u00e9railles avec Desablens se fait enti\u00e8rement selon vos souhaits. Nous vous guidons de A \u00e0 Z. Contactez-nous.","robots":{"index":"index","follow":"follow","max-snippet":"max-snippet:-1","max-image-preview":"max-image-preview:large","max-video-preview":"max-video-preview:-1"},"canonical":"https:\/\/www.funeraillesdesablens.be\/fr\/organiser-des-funerailles-desablens-sereni\/","og_locale":"fr_FR","og_type":"article","og_title":"Organiser des fun\u00e9railles Desablens I Sereni","og_description":"Organiser des fun\u00e9railles avec Desablens se fait enti\u00e8rement selon vos souhaits. Nous vous guidons de A \u00e0 Z. Contactez-nous.","og_url":"https:\/\/www.funeraillesdesablens.be\/fr\/organiser-des-funerailles-desablens-sereni\/","og_site_name":"Desablens","article_modified_time":"2025-06-23T09:15:40+00:00","og_image":[{"width":1800,"height":628,"url":"https:\/\/www.touche.be\/app\/uploads\/sites\/44\/2025\/06\/Social-image-Desablens-6.jpg","type":"image\/jpeg"}],"twitter_card":"summary_large_image","twitter_misc":{"Est. reading time":"3 minutes"},"schema":{"@context":"https:\/\/schema.org","@graph":[{"@type":"WebPage","@id":"https:\/\/www.funeraillesdesablens.be\/fr\/organiser-des-funerailles-desablens-sereni\/","url":"https:\/\/www.funeraillesdesablens.be\/fr\/organiser-des-funerailles-desablens-sereni\/","name":"Organiser des fun\u00e9railles Desablens I Sereni","isPartOf":{"@id":"https:\/\/www.funeraillesdesablens.be\/fr\/#website"},"datePublished":"2022-04-04T09:51:30+00:00","dateModified":"2025-06-23T09:15:40+00:00","description":"Organiser des fun\u00e9railles avec Desablens se fait enti\u00e8rement selon vos souhaits. Nous vous guidons de A \u00e0 Z. Contactez-nous.","inLanguage":"fr-FR","potentialAction":[{"@type":"ReadAction","target":["https:\/\/www.funeraillesdesablens.be\/fr\/organiser-des-funerailles-desablens-sereni\/"]}]},{"@type":"WebSite","@id":"https:\/\/www.funeraillesdesablens.be\/fr\/#website","url":"https:\/\/www.funeraillesdesablens.be\/fr\/","name":"Desablens","description":"Just another Sereni site","potentialAction":[{"@type":"SearchAction","target":{"@type":"EntryPoint","urlTemplate":"https:\/\/www.funeraillesdesablens.be\/fr\/?s={search_term_string}"},"query-input":{"@type":"PropertyValueSpecification","valueRequired":true,"valueName":"search_term_string"}}],"inLanguage":"fr-FR"}]}},"_links":{"self":[{"href":"https:\/\/www.funeraillesdesablens.be\/fr\/wp-json\/wp\/v2\/pages\/24683","targetHints":{"allow":["GET"]}}],"collection":[{"href":"https:\/\/www.funeraillesdesablens.be\/fr\/wp-json\/wp\/v2\/pages"}],"about":[{"href":"https:\/\/www.funeraillesdesablens.be\/fr\/wp-json\/wp\/v2\/types\/page"}],"author":[{"embeddable":true,"href":"https:\/\/www.funeraillesdesablens.be\/fr\/wp-json\/wp\/v2\/users\/1"}],"replies":[{"embeddable":true,"href":"https:\/\/www.funeraillesdesablens.be\/fr\/wp-json\/wp\/v2\/comments?post=24683"}],"version-history":[{"count":2,"href":"https:\/\/www.funeraillesdesablens.be\/fr\/wp-json\/wp\/v2\/pages\/24683\/revisions"}],"predecessor-version":[{"id":81179,"href":"https:\/\/www.funeraillesdesablens.be\/fr\/wp-json\/wp\/v2\/pages\/24683\/revisions\/81179"}],"wp:attachment":[{"href":"https:\/\/www.funeraillesdesablens.be\/fr\/wp-json\/wp\/v2\/media?parent=24683"}],"curies":[{"name":"wp","href":"https:\/\/api.w.org\/{rel}","templated":true}]}}