{"id":24679,"date":"2021-07-09T10:57:24","date_gmt":"2021-07-09T10:57:24","guid":{"rendered":"https:\/\/www.funeraillesdesablens.be\/onze-diensten\/rouwbegeleiding\/"},"modified":"2025-12-17T15:53:36","modified_gmt":"2025-12-17T14:53:36","slug":"aide-psychologie-desablens-sereni","status":"publish","type":"page","link":"https:\/\/www.funeraillesdesablens.be\/fr\/organiser-des-funerailles-desablens-sereni\/aide-psychologie-desablens-sereni\/","title":{"rendered":"Aide psychologie"},"content":{"rendered":"\n<div id=\"block-main-banner-block_e584a16cbe1560de83fa4ec3905d5d7e\" class=\"block-main-banner\">\n    <div class=\"container\">\n        <div class=\"banner-wrap layout2 content_left content_bottom\">\n            <div class=\"banner-image\">\n                                                            <img decoding=\"async\" width=\"944\" height=\"629\" src=\"https:\/\/www.touche.be\/app\/uploads\/sites\/44\/2025\/12\/Administratieve-en-psychologische-bijstand.jpg\" class=\"attachment-full-stretched size-full-stretched\" alt=\"Aide psychologie\" srcset=\"https:\/\/www.touche.be\/app\/uploads\/sites\/44\/2025\/12\/Administratieve-en-psychologische-bijstand.jpg 944w, https:\/\/www.touche.be\/app\/uploads\/sites\/44\/2025\/12\/Administratieve-en-psychologische-bijstand-300x200.jpg 300w, https:\/\/www.touche.be\/app\/uploads\/sites\/44\/2025\/12\/Administratieve-en-psychologische-bijstand-768x512.jpg 768w, https:\/\/www.touche.be\/app\/uploads\/sites\/44\/2025\/12\/Administratieve-en-psychologische-bijstand-450x300.jpg 450w\" sizes=\"(max-width: 944px) 100vw, 944px\" title=\"Aide psychologie\" \/>                                                <\/div>\n\n                            <div class=\"banner-content\">\n                    <div class=\"inner\">\n                        <h2><span class=\"Y2IQFc\" lang=\"fr\">Conseil professionnel en cas de deuil<\/span><\/h2>\n<p class=\"tw-data-text tw-text-large tw-ta\" dir=\"ltr\" data-placeholder=\"Translation\"><span class=\"Y2IQFc\" lang=\"fr\">Aide psychologie fait partie des services de Fun\u00e9railles Desablens. Fun\u00e9railles Desablens travaille en collaboration avec des psychologues du deuil reconnus qui vous assistent pendant le processus d\u2019adaptation. Il est impossible de donner un sc\u00e9nario pour le deuil. Chacun fait son deuil d\u2019une mani\u00e8re diff\u00e9rente. Chaque processus de deuil a un d\u00e9but, un milieu et une fin, mais ces phases peuvent aussi se succ\u00e9der. Pendant et apr\u00e8s les fun\u00e9railles, vous pouvez faire appel \u00e0 l\u2019un des conseillers en deuil de Sereni, qui vous garantit un accompagnement psychologique personnalis\u00e9.<\/span><\/p>\n<p class=\"tw-data-text tw-text-large tw-ta\" dir=\"ltr\" data-placeholder=\"Translation\"><span class=\"Y2IQFc\" lang=\"fr\"><strong>Avez-vous besoin d\u2019une conversation avec un psychologue du deuil?<\/strong><br \/>\nVeuillez contacter\u00a0<strong><a href=\"https:\/\/www.sereni.be\/menu\/fr\/assistance-apres-deces\">notre consultante<\/a> via <a href=\"mailto:nazorg@sereni.be\">nazorg@sereni.be\u00a0<\/a><\/strong><\/span><\/p>\n                    <\/div>\n                <\/div>\n                    <\/div>\n    <\/div>\n<\/div>\n\n\n\n<div id=\"block-main-banner-block_f0bd388b04e9c2960418f7741dfb4254\" class=\"block-main-banner\">\n    <div class=\"container\">\n        <div class=\"banner-wrap layout2 content_right content_top\">\n            <div class=\"banner-image\">\n                                                            <img decoding=\"async\" width=\"944\" height=\"629\" src=\"https:\/\/www.touche.be\/app\/uploads\/sites\/44\/2025\/12\/carnet-mes-dernieres-volontes-Sereni-1.jpg\" class=\"attachment-full-stretched size-full-stretched\" alt=\"Aide psychologie\" srcset=\"https:\/\/www.touche.be\/app\/uploads\/sites\/44\/2025\/12\/carnet-mes-dernieres-volontes-Sereni-1.jpg 944w, https:\/\/www.touche.be\/app\/uploads\/sites\/44\/2025\/12\/carnet-mes-dernieres-volontes-Sereni-1-300x200.jpg 300w, https:\/\/www.touche.be\/app\/uploads\/sites\/44\/2025\/12\/carnet-mes-dernieres-volontes-Sereni-1-768x512.jpg 768w, https:\/\/www.touche.be\/app\/uploads\/sites\/44\/2025\/12\/carnet-mes-dernieres-volontes-Sereni-1-450x300.jpg 450w\" sizes=\"(max-width: 944px) 100vw, 944px\" title=\"Aide psychologie\" \/>                                                <\/div>\n\n                            <div class=\"banner-content\">\n                    <div class=\"inner\">\n                        <h2>Mes derni\u00e8res volont\u00e9s<\/h2>\n<p>Pr\u00e9parer un d\u00e9part, c\u2019est r\u00e9fl\u00e9chir \u00e0 la vie \u2014 \u00e0 ce qui compte pour vous et \u00e0 ce que vous souhaitez laisser derri\u00e8re vous.<br \/>\nLe carnet <em>Mes Derni\u00e8res Volont\u00e9s<\/em> vous accompagne pour r\u00e9fl\u00e9chir \u00e0 :<\/p>\n<ul>\n<li><strong>Ce qui vous d\u00e9finit<\/strong><\/li>\n<li><strong>La musique ou les mots qui vous r\u00e9confortent<\/strong><\/li>\n<li><strong>Les rituels et souhaits<\/strong> qui ont une signification pour vous<\/li>\n<\/ul>\n<p>Le remplir vous apporte s\u00e9r\u00e9nit\u00e9 et facilite les \u00e9changes avec vos proches.<br \/>\nVous pouvez le compl\u00e9ter en ligne via <a class=\"text-yellow\" href=\"https:\/\/mijn.sereni.be\/fr-BE\/connexion\" target=\"_blank\" rel=\"noopener\"><strong>Mon Sereni.be<\/strong><\/a> ou demander une version papier aupr\u00e8s de <a class=\"text-yellow\" href=\"https:\/\/www.sereni.be\/fr\/branch\" target=\"_blank\" rel=\"noopener\"><strong>nos conseillers fun\u00e9raires<\/strong><\/a>.<\/p>\n<p><a class=\"btn btn-primary\" href=\"https:\/\/mijn.sereni.be\/fr-BE\/connexion\" target=\"_blank\" rel=\"noopener\">Je remplis la version digitale du carnet<\/a><\/p>\n                    <\/div>\n                <\/div>\n                    <\/div>\n    <\/div>\n<\/div>\n\n\n\n<div id=\"block-main-banner-block_01a23466bbc460dd02f35b9871ca8eb8\" class=\"block-main-banner\">\n    <div class=\"container\">\n        <div class=\"banner-wrap layout1 content_right content_top\">\n            <div class=\"banner-image\">\n                                                                                                            <\/div>\n\n                    <\/div>\n    <\/div>\n<\/div>\n","protected":false},"excerpt":{"rendered":"","protected":false},"author":1,"featured_media":0,"parent":24683,"menu_order":10,"comment_status":"closed","ping_status":"closed","template":"","meta":{"_acf_changed":false,"footnotes":""},"class_list":["post-24679","page","type-page","status-publish","hentry"],"acf":[],"yoast_head":"<!-- This site is optimized with the Yoast SEO plugin v25.8 - https:\/\/yoast.com\/wordpress\/plugins\/seo\/ -->\n<title>Aide psychologie Desablens I Sereni<\/title>\n<meta name=\"description\" content=\"Fun\u00e9railles Desablens fournit aide psychologie. Nous collaborons avec des psychologues du deuil reconnus pour un accompagnement personnalis\u00e9.\" \/>\n<meta name=\"robots\" content=\"index, follow, max-snippet:-1, max-image-preview:large, max-video-preview:-1\" \/>\n<link rel=\"canonical\" href=\"https:\/\/www.funeraillesdesablens.be\/fr\/organiser-des-funerailles-desablens-sereni\/aide-psychologie-desablens-sereni\/\" \/>\n<meta property=\"og:locale\" content=\"fr_FR\" \/>\n<meta property=\"og:type\" content=\"article\" \/>\n<meta property=\"og:title\" content=\"Aide psychologie Desablens I Sereni\" \/>\n<meta property=\"og:description\" content=\"Fun\u00e9railles Desablens fournit aide psychologie. Nous collaborons avec des psychologues du deuil reconnus pour un accompagnement personnalis\u00e9.\" \/>\n<meta property=\"og:url\" content=\"https:\/\/www.funeraillesdesablens.be\/fr\/organiser-des-funerailles-desablens-sereni\/aide-psychologie-desablens-sereni\/\" \/>\n<meta property=\"og:site_name\" content=\"Desablens\" \/>\n<meta property=\"article:modified_time\" content=\"2025-12-17T14:53:36+00:00\" \/>\n<meta property=\"og:image\" content=\"https:\/\/www.touche.be\/app\/uploads\/sites\/44\/2025\/06\/Social-image-Desablens-12.jpg\" \/>\n\t<meta property=\"og:image:width\" content=\"1800\" \/>\n\t<meta property=\"og:image:height\" content=\"628\" \/>\n\t<meta property=\"og:image:type\" content=\"image\/jpeg\" \/>\n<meta name=\"twitter:card\" content=\"summary_large_image\" \/>\n<meta name=\"twitter:label1\" content=\"Est. reading time\" \/>\n\t<meta name=\"twitter:data1\" content=\"2 minutes\" \/>\n<script type=\"application\/ld+json\" class=\"yoast-schema-graph\">{\"@context\":\"https:\/\/schema.org\",\"@graph\":[{\"@type\":\"WebPage\",\"@id\":\"https:\/\/www.funeraillesdesablens.be\/fr\/organiser-des-funerailles-desablens-sereni\/aide-psychologie-desablens-sereni\/\",\"url\":\"https:\/\/www.funeraillesdesablens.be\/fr\/organiser-des-funerailles-desablens-sereni\/aide-psychologie-desablens-sereni\/\",\"name\":\"Aide psychologie Desablens I Sereni\",\"isPartOf\":{\"@id\":\"https:\/\/www.funeraillesdesablens.be\/fr\/#website\"},\"datePublished\":\"2021-07-09T10:57:24+00:00\",\"dateModified\":\"2025-12-17T14:53:36+00:00\",\"description\":\"Fun\u00e9railles Desablens fournit aide psychologie. Nous collaborons avec des psychologues du deuil reconnus pour un accompagnement personnalis\u00e9.\",\"breadcrumb\":{\"@id\":\"https:\/\/www.funeraillesdesablens.be\/fr\/organiser-des-funerailles-desablens-sereni\/aide-psychologie-desablens-sereni\/#breadcrumb\"},\"inLanguage\":\"fr-FR\",\"potentialAction\":[{\"@type\":\"ReadAction\",\"target\":[\"https:\/\/www.funeraillesdesablens.be\/fr\/organiser-des-funerailles-desablens-sereni\/aide-psychologie-desablens-sereni\/\"]}]},{\"@type\":\"BreadcrumbList\",\"@id\":\"https:\/\/www.funeraillesdesablens.be\/fr\/organiser-des-funerailles-desablens-sereni\/aide-psychologie-desablens-sereni\/#breadcrumb\",\"itemListElement\":[{\"@type\":\"ListItem\",\"position\":1,\"name\":\"Organiser des fun\u00e9railles\",\"item\":\"https:\/\/www.funeraillesdesablens.be\/fr\/organiser-des-funerailles-desablens-sereni\/\"},{\"@type\":\"ListItem\",\"position\":2,\"name\":\"Aide psychologie\"}]},{\"@type\":\"WebSite\",\"@id\":\"https:\/\/www.funeraillesdesablens.be\/fr\/#website\",\"url\":\"https:\/\/www.funeraillesdesablens.be\/fr\/\",\"name\":\"Desablens\",\"description\":\"Just another Sereni site\",\"potentialAction\":[{\"@type\":\"SearchAction\",\"target\":{\"@type\":\"EntryPoint\",\"urlTemplate\":\"https:\/\/www.funeraillesdesablens.be\/fr\/?s={search_term_string}\"},\"query-input\":{\"@type\":\"PropertyValueSpecification\",\"valueRequired\":true,\"valueName\":\"search_term_string\"}}],\"inLanguage\":\"fr-FR\"}]}<\/script>\n<!-- \/ Yoast SEO plugin. -->","yoast_head_json":{"title":"Aide psychologie Desablens I Sereni","description":"Fun\u00e9railles Desablens fournit aide psychologie. Nous collaborons avec des psychologues du deuil reconnus pour un accompagnement personnalis\u00e9.","robots":{"index":"index","follow":"follow","max-snippet":"max-snippet:-1","max-image-preview":"max-image-preview:large","max-video-preview":"max-video-preview:-1"},"canonical":"https:\/\/www.funeraillesdesablens.be\/fr\/organiser-des-funerailles-desablens-sereni\/aide-psychologie-desablens-sereni\/","og_locale":"fr_FR","og_type":"article","og_title":"Aide psychologie Desablens I Sereni","og_description":"Fun\u00e9railles Desablens fournit aide psychologie. Nous collaborons avec des psychologues du deuil reconnus pour un accompagnement personnalis\u00e9.","og_url":"https:\/\/www.funeraillesdesablens.be\/fr\/organiser-des-funerailles-desablens-sereni\/aide-psychologie-desablens-sereni\/","og_site_name":"Desablens","article_modified_time":"2025-12-17T14:53:36+00:00","og_image":[{"width":1800,"height":628,"url":"https:\/\/www.touche.be\/app\/uploads\/sites\/44\/2025\/06\/Social-image-Desablens-12.jpg","type":"image\/jpeg"}],"twitter_card":"summary_large_image","twitter_misc":{"Est. reading time":"2 minutes"},"schema":{"@context":"https:\/\/schema.org","@graph":[{"@type":"WebPage","@id":"https:\/\/www.funeraillesdesablens.be\/fr\/organiser-des-funerailles-desablens-sereni\/aide-psychologie-desablens-sereni\/","url":"https:\/\/www.funeraillesdesablens.be\/fr\/organiser-des-funerailles-desablens-sereni\/aide-psychologie-desablens-sereni\/","name":"Aide psychologie Desablens I Sereni","isPartOf":{"@id":"https:\/\/www.funeraillesdesablens.be\/fr\/#website"},"datePublished":"2021-07-09T10:57:24+00:00","dateModified":"2025-12-17T14:53:36+00:00","description":"Fun\u00e9railles Desablens fournit aide psychologie. Nous collaborons avec des psychologues du deuil reconnus pour un accompagnement personnalis\u00e9.","breadcrumb":{"@id":"https:\/\/www.funeraillesdesablens.be\/fr\/organiser-des-funerailles-desablens-sereni\/aide-psychologie-desablens-sereni\/#breadcrumb"},"inLanguage":"fr-FR","potentialAction":[{"@type":"ReadAction","target":["https:\/\/www.funeraillesdesablens.be\/fr\/organiser-des-funerailles-desablens-sereni\/aide-psychologie-desablens-sereni\/"]}]},{"@type":"BreadcrumbList","@id":"https:\/\/www.funeraillesdesablens.be\/fr\/organiser-des-funerailles-desablens-sereni\/aide-psychologie-desablens-sereni\/#breadcrumb","itemListElement":[{"@type":"ListItem","position":1,"name":"Organiser des fun\u00e9railles","item":"https:\/\/www.funeraillesdesablens.be\/fr\/organiser-des-funerailles-desablens-sereni\/"},{"@type":"ListItem","position":2,"name":"Aide psychologie"}]},{"@type":"WebSite","@id":"https:\/\/www.funeraillesdesablens.be\/fr\/#website","url":"https:\/\/www.funeraillesdesablens.be\/fr\/","name":"Desablens","description":"Just another Sereni site","potentialAction":[{"@type":"SearchAction","target":{"@type":"EntryPoint","urlTemplate":"https:\/\/www.funeraillesdesablens.be\/fr\/?s={search_term_string}"},"query-input":{"@type":"PropertyValueSpecification","valueRequired":true,"valueName":"search_term_string"}}],"inLanguage":"fr-FR"}]}},"_links":{"self":[{"href":"https:\/\/www.funeraillesdesablens.be\/fr\/wp-json\/wp\/v2\/pages\/24679","targetHints":{"allow":["GET"]}}],"collection":[{"href":"https:\/\/www.funeraillesdesablens.be\/fr\/wp-json\/wp\/v2\/pages"}],"about":[{"href":"https:\/\/www.funeraillesdesablens.be\/fr\/wp-json\/wp\/v2\/types\/page"}],"author":[{"embeddable":true,"href":"https:\/\/www.funeraillesdesablens.be\/fr\/wp-json\/wp\/v2\/users\/1"}],"replies":[{"embeddable":true,"href":"https:\/\/www.funeraillesdesablens.be\/fr\/wp-json\/wp\/v2\/comments?post=24679"}],"version-history":[{"count":9,"href":"https:\/\/www.funeraillesdesablens.be\/fr\/wp-json\/wp\/v2\/pages\/24679\/revisions"}],"predecessor-version":[{"id":81222,"href":"https:\/\/www.funeraillesdesablens.be\/fr\/wp-json\/wp\/v2\/pages\/24679\/revisions\/81222"}],"up":[{"embeddable":true,"href":"https:\/\/www.funeraillesdesablens.be\/fr\/wp-json\/wp\/v2\/pages\/24683"}],"wp:attachment":[{"href":"https:\/\/www.funeraillesdesablens.be\/fr\/wp-json\/wp\/v2\/media?parent=24679"}],"curies":[{"name":"wp","href":"https:\/\/api.w.org\/{rel}","templated":true}]}}