{"id":24678,"date":"2021-07-08T11:51:47","date_gmt":"2021-07-08T11:51:47","guid":{"rendered":"https:\/\/www.funeraillesdesablens.be\/over-logghe\/"},"modified":"2025-06-19T10:17:59","modified_gmt":"2025-06-19T09:17:59","slug":"a-propos-de-desablens-sereni","status":"publish","type":"page","link":"https:\/\/www.funeraillesdesablens.be\/fr\/a-propos-de-desablens-sereni\/","title":{"rendered":"A propos de Desablens"},"content":{"rendered":"\n<div id=\"block-main-banner-block_93e6af6e6c94ebf6c37adaa1cb32e94d\" class=\"block-main-banner\">\n    <div class=\"container\">\n        <div class=\"banner-wrap layout2 content_right content_top\">\n            <div class=\"banner-image\">\n                                                            <img decoding=\"async\" width=\"960\" height=\"1440\" src=\"https:\/\/www.touche.be\/app\/uploads\/sites\/44\/2024\/07\/CMS_Desablens_Funerailles_Tournai-960x1440.jpg\" class=\"attachment-full-stretched size-full-stretched\" alt=\"A propos de Desablens\" srcset=\"https:\/\/www.touche.be\/app\/uploads\/sites\/44\/2024\/07\/CMS_Desablens_Funerailles_Tournai-960x1440.jpg 960w, https:\/\/www.touche.be\/app\/uploads\/sites\/44\/2024\/07\/CMS_Desablens_Funerailles_Tournai-200x300.jpg 200w, https:\/\/www.touche.be\/app\/uploads\/sites\/44\/2024\/07\/CMS_Desablens_Funerailles_Tournai-683x1024.jpg 683w, https:\/\/www.touche.be\/app\/uploads\/sites\/44\/2024\/07\/CMS_Desablens_Funerailles_Tournai-768x1152.jpg 768w, https:\/\/www.touche.be\/app\/uploads\/sites\/44\/2024\/07\/CMS_Desablens_Funerailles_Tournai-1024x1536.jpg 1024w, https:\/\/www.touche.be\/app\/uploads\/sites\/44\/2024\/07\/CMS_Desablens_Funerailles_Tournai-867x1300.jpg 867w, https:\/\/www.touche.be\/app\/uploads\/sites\/44\/2024\/07\/CMS_Desablens_Funerailles_Tournai-600x900.jpg 600w, https:\/\/www.touche.be\/app\/uploads\/sites\/44\/2024\/07\/CMS_Desablens_Funerailles_Tournai-400x600.jpg 400w, https:\/\/www.touche.be\/app\/uploads\/sites\/44\/2024\/07\/CMS_Desablens_Funerailles_Tournai.jpg 1200w\" sizes=\"(max-width: 960px) 100vw, 960px\" title=\"A propos de Desablens\" \/>                                                <\/div>\n\n                            <div class=\"banner-content\">\n                    <div class=\"inner\">\n                        <h2>Qui sommes-nous?<\/h2>\n<ul>\n<li><strong>5 g\u00e9n\u00e9rations d\u2019exp\u00e9rience<\/strong>\u00a0au service des familles en deuil<\/li>\n<li><strong>Desablens<\/strong>\u00a0peut compter sur la coop\u00e9ration au sein du <a href=\"https:\/\/www.sereni.be\/\">r\u00e9seau Sereni<\/a>, caract\u00e9ris\u00e9e par un service et un support personnalis\u00e9s<\/li>\n<li>En cas de d\u00e9c\u00e8s, nous sommes joignables <strong>24h\/24 \u2013 7j\/7 <\/strong><\/li>\n<li><strong>Fun\u00e9rarium lumineux<\/strong>\u00a0avec salle de c\u00e9r\u00e9monie<\/li>\n<li><strong>Innovants et progressistes<\/strong>\u00a0mais dans le respect des traditions fun\u00e9raires r\u00e9gionales<\/li>\n<li><strong>Service<\/strong>\u00a0de qualit\u00e9 \u00e0 des tarifs \u00e9quitables<\/li>\n<\/ul>\n<p><a class=\"btn btn-primary\" href=\"https:\/\/www.funeraillesdesablens.be\/fr\/organiser-des-funerailles\/\">Organiser des fun\u00e9railles<\/a><\/p>\n<p><a class=\"btn btn-primary\" href=\"https:\/\/www.funeraillesdesablens.be\/nl\/contact\/\">Contactez-nous<\/a><\/p>\n                    <\/div>\n                <\/div>\n                    <\/div>\n    <\/div>\n<\/div>\n\n\n<div id=\"block-variable-content-list-block_b6197d66dc2a0abb9ad30b544a315132\" class=\"block-variable-content-list default\">\n    <div class=\"container\">\n        <div class=\"widget-wrap per_row_4\">\n                            <div class=\"block-heading\">\n                    <span class=\"heading\">Les membres de notre \u00e9quipe<\/span>\n                <\/div>\n                        <div class=\"block-content\">\n                                                                                    <div class=\"element\">\n                                                            \n                                                                    <div class=\"image-wrap\">\n                                                                                    <img decoding=\"async\" width=\"1024\" height=\"1024\" src=\"https:\/\/www.touche.be\/app\/uploads\/sites\/44\/2024\/07\/CMS_Desablens_GuillaumeFievet-1024x1024.png\" class=\"attachment-large size-large\" alt=\"A propos de Desablens\" srcset=\"https:\/\/www.touche.be\/app\/uploads\/sites\/44\/2024\/07\/CMS_Desablens_GuillaumeFievet-1024x1024.png 1024w, https:\/\/www.touche.be\/app\/uploads\/sites\/44\/2024\/07\/CMS_Desablens_GuillaumeFievet-300x300.png 300w, https:\/\/www.touche.be\/app\/uploads\/sites\/44\/2024\/07\/CMS_Desablens_GuillaumeFievet-150x150.png 150w, https:\/\/www.touche.be\/app\/uploads\/sites\/44\/2024\/07\/CMS_Desablens_GuillaumeFievet-768x768.png 768w, https:\/\/www.touche.be\/app\/uploads\/sites\/44\/2024\/07\/CMS_Desablens_GuillaumeFievet-600x600.png 600w, https:\/\/www.touche.be\/app\/uploads\/sites\/44\/2024\/07\/CMS_Desablens_GuillaumeFievet-50x50.png 50w, https:\/\/www.touche.be\/app\/uploads\/sites\/44\/2024\/07\/CMS_Desablens_GuillaumeFievet-100x100.png 100w, https:\/\/www.touche.be\/app\/uploads\/sites\/44\/2024\/07\/CMS_Desablens_GuillaumeFievet.png 1200w\" sizes=\"(max-width: 1024px) 100vw, 1024px\" title=\"A propos de Desablens\" \/>                                                                            <\/div>\n                                \n                                                                    <div class=\"content-wrap\">\n                                        <p><strong>Guillaume Fievet<\/strong><br \/>\nResponsable des c\u00e9r\u00e9monies<\/p>\n                                    <\/div>\n                                                                                    <\/div>\n                                                                    <div class=\"element\">\n                                                            \n                                                                    <div class=\"image-wrap\">\n                                                                                    <img decoding=\"async\" width=\"1024\" height=\"1024\" src=\"https:\/\/www.touche.be\/app\/uploads\/sites\/44\/2024\/07\/CMS_Desablens_Marie-PauleDesablens-1024x1024.png\" class=\"attachment-large size-large\" alt=\"A propos de Desablens\" srcset=\"https:\/\/www.touche.be\/app\/uploads\/sites\/44\/2024\/07\/CMS_Desablens_Marie-PauleDesablens-1024x1024.png 1024w, https:\/\/www.touche.be\/app\/uploads\/sites\/44\/2024\/07\/CMS_Desablens_Marie-PauleDesablens-300x300.png 300w, https:\/\/www.touche.be\/app\/uploads\/sites\/44\/2024\/07\/CMS_Desablens_Marie-PauleDesablens-150x150.png 150w, https:\/\/www.touche.be\/app\/uploads\/sites\/44\/2024\/07\/CMS_Desablens_Marie-PauleDesablens-768x768.png 768w, https:\/\/www.touche.be\/app\/uploads\/sites\/44\/2024\/07\/CMS_Desablens_Marie-PauleDesablens-600x600.png 600w, https:\/\/www.touche.be\/app\/uploads\/sites\/44\/2024\/07\/CMS_Desablens_Marie-PauleDesablens-50x50.png 50w, https:\/\/www.touche.be\/app\/uploads\/sites\/44\/2024\/07\/CMS_Desablens_Marie-PauleDesablens-100x100.png 100w, https:\/\/www.touche.be\/app\/uploads\/sites\/44\/2024\/07\/CMS_Desablens_Marie-PauleDesablens.png 1200w\" sizes=\"(max-width: 1024px) 100vw, 1024px\" title=\"A propos de Desablens\" \/>                                                                            <\/div>\n                                \n                                                                    <div class=\"content-wrap\">\n                                        <p><strong>Marie-Paule Desablens<\/strong><\/p>\n                                    <\/div>\n                                                                                    <\/div>\n                                                                    <div class=\"element\">\n                                                            \n                                                                    <div class=\"image-wrap\">\n                                                                                    <img decoding=\"async\" width=\"1024\" height=\"1024\" src=\"https:\/\/www.touche.be\/app\/uploads\/sites\/44\/2024\/07\/CMS_Desablens_ConstanceDuez-1024x1024.png\" class=\"attachment-large size-large\" alt=\"A propos de Desablens\" srcset=\"https:\/\/www.touche.be\/app\/uploads\/sites\/44\/2024\/07\/CMS_Desablens_ConstanceDuez-1024x1024.png 1024w, https:\/\/www.touche.be\/app\/uploads\/sites\/44\/2024\/07\/CMS_Desablens_ConstanceDuez-300x300.png 300w, https:\/\/www.touche.be\/app\/uploads\/sites\/44\/2024\/07\/CMS_Desablens_ConstanceDuez-150x150.png 150w, https:\/\/www.touche.be\/app\/uploads\/sites\/44\/2024\/07\/CMS_Desablens_ConstanceDuez-768x768.png 768w, https:\/\/www.touche.be\/app\/uploads\/sites\/44\/2024\/07\/CMS_Desablens_ConstanceDuez-600x600.png 600w, https:\/\/www.touche.be\/app\/uploads\/sites\/44\/2024\/07\/CMS_Desablens_ConstanceDuez-50x50.png 50w, https:\/\/www.touche.be\/app\/uploads\/sites\/44\/2024\/07\/CMS_Desablens_ConstanceDuez-100x100.png 100w, https:\/\/www.touche.be\/app\/uploads\/sites\/44\/2024\/07\/CMS_Desablens_ConstanceDuez.png 1200w\" sizes=\"(max-width: 1024px) 100vw, 1024px\" title=\"A propos de Desablens\" \/>                                                                            <\/div>\n                                \n                                                                    <div class=\"content-wrap\">\n                                        <p><strong>Constance Duez<\/strong><br \/>\nEntrepreneur de Pompes Fun\u00e8bres<\/p>\n                                    <\/div>\n                                                                                    <\/div>\n                                                                    <div class=\"element\">\n                                                            \n                                                                    <div class=\"image-wrap\">\n                                                                                    <img decoding=\"async\" width=\"1024\" height=\"1024\" src=\"https:\/\/www.touche.be\/app\/uploads\/sites\/44\/2024\/07\/CMS_Desablens_MorganeWilfart-1024x1024.png\" class=\"attachment-large size-large\" alt=\"A propos de Desablens\" srcset=\"https:\/\/www.touche.be\/app\/uploads\/sites\/44\/2024\/07\/CMS_Desablens_MorganeWilfart-1024x1024.png 1024w, https:\/\/www.touche.be\/app\/uploads\/sites\/44\/2024\/07\/CMS_Desablens_MorganeWilfart-300x300.png 300w, https:\/\/www.touche.be\/app\/uploads\/sites\/44\/2024\/07\/CMS_Desablens_MorganeWilfart-150x150.png 150w, https:\/\/www.touche.be\/app\/uploads\/sites\/44\/2024\/07\/CMS_Desablens_MorganeWilfart-768x768.png 768w, https:\/\/www.touche.be\/app\/uploads\/sites\/44\/2024\/07\/CMS_Desablens_MorganeWilfart-600x600.png 600w, https:\/\/www.touche.be\/app\/uploads\/sites\/44\/2024\/07\/CMS_Desablens_MorganeWilfart-50x50.png 50w, https:\/\/www.touche.be\/app\/uploads\/sites\/44\/2024\/07\/CMS_Desablens_MorganeWilfart-100x100.png 100w, https:\/\/www.touche.be\/app\/uploads\/sites\/44\/2024\/07\/CMS_Desablens_MorganeWilfart.png 1200w\" sizes=\"(max-width: 1024px) 100vw, 1024px\" title=\"A propos de Desablens\" \/>                                                                            <\/div>\n                                \n                                                                    <div class=\"content-wrap\">\n                                        <p><strong>Morgane Wilfart<\/strong><br \/>\nConseill\u00e8re fun\u00e9raire<\/p>\n                                    <\/div>\n                                                                                    <\/div>\n                                                <\/div>\n        <\/div>\n    <\/div>\n<\/div>\n\n\n\n<div id=\"block-gallery-block_528422a74b37d607d7a14223ae607011\" class=\"block-gallery\">\n    <div class=\"container\">\n        <div class=\"gallery-wrap\">\n            <div class=\"image-gallery\">\n                            <\/div>\n        <\/div>\n    <\/div>\n<\/div>\n","protected":false},"excerpt":{"rendered":"","protected":false},"author":1,"featured_media":0,"parent":0,"menu_order":0,"comment_status":"closed","ping_status":"closed","template":"","meta":{"_acf_changed":false,"footnotes":""},"class_list":["post-24678","page","type-page","status-publish","hentry"],"acf":[],"yoast_head":"<!-- This site is optimized with the Yoast SEO plugin v25.8 - https:\/\/yoast.com\/wordpress\/plugins\/seo\/ -->\n<title>A propos de Desablens I Sereni<\/title>\n<meta name=\"description\" content=\"A propos de Desablens Sereni. Nous veillons \u00e0 ce que chaque enterrement ou cr\u00e9mation soit un adieu unique. Disponible 24\/7.\" \/>\n<meta name=\"robots\" content=\"index, follow, max-snippet:-1, max-image-preview:large, max-video-preview:-1\" \/>\n<link rel=\"canonical\" href=\"https:\/\/www.funeraillesdesablens.be\/fr\/a-propos-de-desablens-sereni\/\" \/>\n<meta property=\"og:locale\" content=\"fr_FR\" \/>\n<meta property=\"og:type\" content=\"article\" \/>\n<meta property=\"og:title\" content=\"A propos de Desablens I Sereni\" \/>\n<meta property=\"og:description\" content=\"A propos de Desablens Sereni. Nous veillons \u00e0 ce que chaque enterrement ou cr\u00e9mation soit un adieu unique. Disponible 24\/7.\" \/>\n<meta property=\"og:url\" content=\"https:\/\/www.funeraillesdesablens.be\/fr\/a-propos-de-desablens-sereni\/\" \/>\n<meta property=\"og:site_name\" content=\"Desablens\" \/>\n<meta property=\"article:modified_time\" content=\"2025-06-19T09:17:59+00:00\" \/>\n<meta property=\"og:image\" content=\"https:\/\/www.touche.be\/app\/uploads\/sites\/44\/2025\/06\/Social-image-Desablens-.jpg\" \/>\n\t<meta property=\"og:image:width\" content=\"1800\" \/>\n\t<meta property=\"og:image:height\" content=\"628\" \/>\n\t<meta property=\"og:image:type\" content=\"image\/jpeg\" \/>\n<meta name=\"twitter:card\" content=\"summary_large_image\" \/>\n<meta name=\"twitter:label1\" content=\"Est. reading time\" \/>\n\t<meta name=\"twitter:data1\" content=\"2 minutes\" \/>\n<script type=\"application\/ld+json\" class=\"yoast-schema-graph\">{\"@context\":\"https:\/\/schema.org\",\"@graph\":[{\"@type\":[\"WebPage\",\"AboutPage\"],\"@id\":\"https:\/\/www.funeraillesdesablens.be\/fr\/a-propos-de-desablens-sereni\/\",\"url\":\"https:\/\/www.funeraillesdesablens.be\/fr\/a-propos-de-desablens-sereni\/\",\"name\":\"A propos de Desablens I Sereni\",\"isPartOf\":{\"@id\":\"https:\/\/www.funeraillesdesablens.be\/fr\/#website\"},\"datePublished\":\"2021-07-08T11:51:47+00:00\",\"dateModified\":\"2025-06-19T09:17:59+00:00\",\"description\":\"A propos de Desablens Sereni. Nous veillons \u00e0 ce que chaque enterrement ou cr\u00e9mation soit un adieu unique. Disponible 24\/7.\",\"inLanguage\":\"fr-FR\",\"potentialAction\":[{\"@type\":\"ReadAction\",\"target\":[\"https:\/\/www.funeraillesdesablens.be\/fr\/a-propos-de-desablens-sereni\/\"]}]},{\"@type\":\"WebSite\",\"@id\":\"https:\/\/www.funeraillesdesablens.be\/fr\/#website\",\"url\":\"https:\/\/www.funeraillesdesablens.be\/fr\/\",\"name\":\"Desablens\",\"description\":\"Just another Sereni site\",\"potentialAction\":[{\"@type\":\"SearchAction\",\"target\":{\"@type\":\"EntryPoint\",\"urlTemplate\":\"https:\/\/www.funeraillesdesablens.be\/fr\/?s={search_term_string}\"},\"query-input\":{\"@type\":\"PropertyValueSpecification\",\"valueRequired\":true,\"valueName\":\"search_term_string\"}}],\"inLanguage\":\"fr-FR\"}]}<\/script>\n<!-- \/ Yoast SEO plugin. -->","yoast_head_json":{"title":"A propos de Desablens I Sereni","description":"A propos de Desablens Sereni. Nous veillons \u00e0 ce que chaque enterrement ou cr\u00e9mation soit un adieu unique. Disponible 24\/7.","robots":{"index":"index","follow":"follow","max-snippet":"max-snippet:-1","max-image-preview":"max-image-preview:large","max-video-preview":"max-video-preview:-1"},"canonical":"https:\/\/www.funeraillesdesablens.be\/fr\/a-propos-de-desablens-sereni\/","og_locale":"fr_FR","og_type":"article","og_title":"A propos de Desablens I Sereni","og_description":"A propos de Desablens Sereni. Nous veillons \u00e0 ce que chaque enterrement ou cr\u00e9mation soit un adieu unique. Disponible 24\/7.","og_url":"https:\/\/www.funeraillesdesablens.be\/fr\/a-propos-de-desablens-sereni\/","og_site_name":"Desablens","article_modified_time":"2025-06-19T09:17:59+00:00","og_image":[{"width":1800,"height":628,"url":"https:\/\/www.touche.be\/app\/uploads\/sites\/44\/2025\/06\/Social-image-Desablens-.jpg","type":"image\/jpeg"}],"twitter_card":"summary_large_image","twitter_misc":{"Est. reading time":"2 minutes"},"schema":{"@context":"https:\/\/schema.org","@graph":[{"@type":["WebPage","AboutPage"],"@id":"https:\/\/www.funeraillesdesablens.be\/fr\/a-propos-de-desablens-sereni\/","url":"https:\/\/www.funeraillesdesablens.be\/fr\/a-propos-de-desablens-sereni\/","name":"A propos de Desablens I Sereni","isPartOf":{"@id":"https:\/\/www.funeraillesdesablens.be\/fr\/#website"},"datePublished":"2021-07-08T11:51:47+00:00","dateModified":"2025-06-19T09:17:59+00:00","description":"A propos de Desablens Sereni. Nous veillons \u00e0 ce que chaque enterrement ou cr\u00e9mation soit un adieu unique. Disponible 24\/7.","inLanguage":"fr-FR","potentialAction":[{"@type":"ReadAction","target":["https:\/\/www.funeraillesdesablens.be\/fr\/a-propos-de-desablens-sereni\/"]}]},{"@type":"WebSite","@id":"https:\/\/www.funeraillesdesablens.be\/fr\/#website","url":"https:\/\/www.funeraillesdesablens.be\/fr\/","name":"Desablens","description":"Just another Sereni site","potentialAction":[{"@type":"SearchAction","target":{"@type":"EntryPoint","urlTemplate":"https:\/\/www.funeraillesdesablens.be\/fr\/?s={search_term_string}"},"query-input":{"@type":"PropertyValueSpecification","valueRequired":true,"valueName":"search_term_string"}}],"inLanguage":"fr-FR"}]}},"_links":{"self":[{"href":"https:\/\/www.funeraillesdesablens.be\/fr\/wp-json\/wp\/v2\/pages\/24678","targetHints":{"allow":["GET"]}}],"collection":[{"href":"https:\/\/www.funeraillesdesablens.be\/fr\/wp-json\/wp\/v2\/pages"}],"about":[{"href":"https:\/\/www.funeraillesdesablens.be\/fr\/wp-json\/wp\/v2\/types\/page"}],"author":[{"embeddable":true,"href":"https:\/\/www.funeraillesdesablens.be\/fr\/wp-json\/wp\/v2\/users\/1"}],"replies":[{"embeddable":true,"href":"https:\/\/www.funeraillesdesablens.be\/fr\/wp-json\/wp\/v2\/comments?post=24678"}],"version-history":[{"count":2,"href":"https:\/\/www.funeraillesdesablens.be\/fr\/wp-json\/wp\/v2\/pages\/24678\/revisions"}],"predecessor-version":[{"id":81099,"href":"https:\/\/www.funeraillesdesablens.be\/fr\/wp-json\/wp\/v2\/pages\/24678\/revisions\/81099"}],"wp:attachment":[{"href":"https:\/\/www.funeraillesdesablens.be\/fr\/wp-json\/wp\/v2\/media?parent=24678"}],"curies":[{"name":"wp","href":"https:\/\/api.w.org\/{rel}","templated":true}]}}