{"id":24670,"date":"2022-04-04T12:15:39","date_gmt":"2022-04-04T11:15:39","guid":{"rendered":"https:\/\/www.funeraillesdesablens.be\/onze-diensten\/crematie\/"},"modified":"2025-12-17T15:15:22","modified_gmt":"2025-12-17T14:15:22","slug":"cremation-desablens-sereni","status":"publish","type":"page","link":"https:\/\/www.funeraillesdesablens.be\/fr\/organiser-des-funerailles-desablens-sereni\/cremation-desablens-sereni\/","title":{"rendered":"Cr\u00e9mation"},"content":{"rendered":"\n<div id=\"block-main-banner-block_1c91315bf17f9cb6cd90a38ca6b744cd\" class=\"block-main-banner\">\n    <div class=\"container\">\n        <div class=\"banner-wrap layout2 content_right content_top\">\n            <div class=\"banner-image\">\n                                                            <img decoding=\"async\" width=\"878\" height=\"1168\" src=\"https:\/\/www.touche.be\/app\/uploads\/sites\/44\/2023\/10\/CMS_desablens_02.png\" class=\"attachment-full-stretched size-full-stretched\" alt=\"Cr\u00e9mation\" srcset=\"https:\/\/www.touche.be\/app\/uploads\/sites\/44\/2023\/10\/CMS_desablens_02.png 878w, https:\/\/www.touche.be\/app\/uploads\/sites\/44\/2023\/10\/CMS_desablens_02-226x300.png 226w, https:\/\/www.touche.be\/app\/uploads\/sites\/44\/2023\/10\/CMS_desablens_02-770x1024.png 770w, https:\/\/www.touche.be\/app\/uploads\/sites\/44\/2023\/10\/CMS_desablens_02-768x1022.png 768w, https:\/\/www.touche.be\/app\/uploads\/sites\/44\/2023\/10\/CMS_desablens_02-600x798.png 600w, https:\/\/www.touche.be\/app\/uploads\/sites\/44\/2023\/10\/CMS_desablens_02-451x600.png 451w\" sizes=\"(max-width: 878px) 100vw, 878px\" title=\"Cr\u00e9mation\" \/>                                                <\/div>\n\n                            <div class=\"banner-content\">\n                    <div class=\"inner\">\n                        <h2>Cr\u00e9mation avec Desablens<\/h2>\n<p>Lors de la cr\u00e9mation, le corps du d\u00e9funt est incin\u00e9r\u00e9. La cr\u00e9mation peut avoir lieu avant ou apr\u00e8s la <a href=\"https:\/\/www.sereni.be\/menu\/fr\/organiser-des-funerailles\">c\u00e9r\u00e9monie de fun\u00e9railles<\/a>. Les cendres peuvent \u00eatre soit dispers\u00e9es, soit plac\u00e9es dans une urne.La dispersion peut avoir lieu dans un cimeti\u00e8re, au cr\u00e9matorium, en mer ou \u00e0 domicile. Les cendres peuvent \u00eatre plac\u00e9es dans une urne pour conservation \u00e0 domicile, \u00eatre plac\u00e9es au columbarium, dans une cavurne ou une concession.Il est possible de garder un peu de cendres du d\u00e9funt sur demande pour les placer dans un bijou ou un reliquaire.<\/p>\n<p><a class=\"btn btn-primary\" href=\"https:\/\/www.funeraillesdesablens.be\/fr\/contact\/\">Contactez-nous<\/a><\/p>\n                    <\/div>\n                <\/div>\n                    <\/div>\n    <\/div>\n<\/div>\n\n\n<div id=\"block-variable-content-list-block_a63817f14e65c2c4135765555252c147\" class=\"block-variable-content-list default\">\n    <div class=\"container\">\n        <div class=\"widget-wrap per_row_4\">\n                        <div class=\"block-content\">\n                                                                                    <div class=\"element\">\n                                                            \n                                                                    <div class=\"image-wrap\">\n                                                                                    <img decoding=\"async\" width=\"944\" height=\"629\" src=\"https:\/\/www.touche.be\/app\/uploads\/sites\/44\/2025\/12\/Mon-sereni-votre-plateforme-en-ligne-securise.jpg\" class=\"attachment-large size-large\" alt=\"Cr\u00e9mation\" srcset=\"https:\/\/www.touche.be\/app\/uploads\/sites\/44\/2025\/12\/Mon-sereni-votre-plateforme-en-ligne-securise.jpg 944w, https:\/\/www.touche.be\/app\/uploads\/sites\/44\/2025\/12\/Mon-sereni-votre-plateforme-en-ligne-securise-300x200.jpg 300w, https:\/\/www.touche.be\/app\/uploads\/sites\/44\/2025\/12\/Mon-sereni-votre-plateforme-en-ligne-securise-768x512.jpg 768w, https:\/\/www.touche.be\/app\/uploads\/sites\/44\/2025\/12\/Mon-sereni-votre-plateforme-en-ligne-securise-450x300.jpg 450w\" sizes=\"(max-width: 944px) 100vw, 944px\" title=\"Cr\u00e9mation\" \/>                                                                            <\/div>\n                                \n                                                                    <div class=\"content-wrap\">\n                                        <h4>Mon Sereni<\/h4>\n<p>Retrouvez tous vos documents et souhaits au m\u00eame endroit.<\/p>\n<p><a class=\"btn btn-primary\" href=\"https:\/\/mijn.sereni.be\/fr-BE\/connexion?lang=fr\" target=\"_blank\" rel=\"noopener\">Plus d\u2019info<\/a><\/p>\n                                    <\/div>\n                                                                                    <\/div>\n                                                                    <div class=\"element\">\n                                                            \n                                                                    <div class=\"image-wrap\">\n                                                                                    <img decoding=\"async\" width=\"944\" height=\"629\" src=\"https:\/\/www.touche.be\/app\/uploads\/sites\/44\/2025\/12\/carnet-mes-dernieres-volontes-Sereni-1.jpg\" class=\"attachment-large size-large\" alt=\"Cr\u00e9mation\" srcset=\"https:\/\/www.touche.be\/app\/uploads\/sites\/44\/2025\/12\/carnet-mes-dernieres-volontes-Sereni-1.jpg 944w, https:\/\/www.touche.be\/app\/uploads\/sites\/44\/2025\/12\/carnet-mes-dernieres-volontes-Sereni-1-300x200.jpg 300w, https:\/\/www.touche.be\/app\/uploads\/sites\/44\/2025\/12\/carnet-mes-dernieres-volontes-Sereni-1-768x512.jpg 768w, https:\/\/www.touche.be\/app\/uploads\/sites\/44\/2025\/12\/carnet-mes-dernieres-volontes-Sereni-1-450x300.jpg 450w\" sizes=\"(max-width: 944px) 100vw, 944px\" title=\"Cr\u00e9mation\" \/>                                                                            <\/div>\n                                \n                                                                    <div class=\"content-wrap\">\n                                        <h4>Mes derni\u00e8res volont\u00e9s<\/h4>\n<p>R\u00e9fl\u00e9chissez \u00e0 la fa\u00e7on dont vous voulez qu&#8217;on se souvienne de vous.<\/p>\n<p><a class=\"btn btn-primary\" href=\"https:\/\/sereni.be\/fr\/article\/nouveau-le-carnet-mes-derniers-souhaits-vous-aide-a-reflechir-sur-ce-qui-est-important-dans-la-vie\" target=\"_blank\" rel=\"noopener\">Plus d&#8217;info<\/a><\/p>\n                                    <\/div>\n                                                                                    <\/div>\n                                                                    <div class=\"element\">\n                                                            \n                                                                    <div class=\"image-wrap\">\n                                                                                    <img decoding=\"async\" width=\"1024\" height=\"683\" src=\"https:\/\/www.touche.be\/app\/uploads\/sites\/44\/2025\/12\/imprimes-funeraires-1024x683.jpg\" class=\"attachment-large size-large\" alt=\"Cr\u00e9mation\" srcset=\"https:\/\/www.touche.be\/app\/uploads\/sites\/44\/2025\/12\/imprimes-funeraires-1024x683.jpg 1024w, https:\/\/www.touche.be\/app\/uploads\/sites\/44\/2025\/12\/imprimes-funeraires-300x200.jpg 300w, https:\/\/www.touche.be\/app\/uploads\/sites\/44\/2025\/12\/imprimes-funeraires-768x512.jpg 768w, https:\/\/www.touche.be\/app\/uploads\/sites\/44\/2025\/12\/imprimes-funeraires-450x300.jpg 450w, https:\/\/www.touche.be\/app\/uploads\/sites\/44\/2025\/12\/imprimes-funeraires.jpg 1200w\" sizes=\"(max-width: 1024px) 100vw, 1024px\" title=\"Cr\u00e9mation\" \/>                                                                            <\/div>\n                                \n                                                                    <div class=\"content-wrap\">\n                                        <h4>Imprim\u00e9s fun\u00e9raires<\/h4>\n<p>Nous r\u00e9alisons des imprim\u00e9s personnalis\u00e9s et uniques.<\/p>\n<p><a class=\"btn btn-primary\" href=\"https:\/\/www.funeraillesdesablens.be\/fr\/organiser-des-funerailles-desablens-sereni\/imprimes-funeraires-desablens-sereni\/\">Plus d\u2019info<\/a><\/p>\n                                    <\/div>\n                                                                                    <\/div>\n                                                                    <div class=\"element\">\n                                                            \n                                                                    <div class=\"image-wrap\">\n                                                                                    <img decoding=\"async\" width=\"944\" height=\"629\" src=\"https:\/\/www.touche.be\/app\/uploads\/sites\/44\/2025\/12\/Administratieve-en-psychologische-bijstand.jpg\" class=\"attachment-large size-large\" alt=\"Cr\u00e9mation\" srcset=\"https:\/\/www.touche.be\/app\/uploads\/sites\/44\/2025\/12\/Administratieve-en-psychologische-bijstand.jpg 944w, https:\/\/www.touche.be\/app\/uploads\/sites\/44\/2025\/12\/Administratieve-en-psychologische-bijstand-300x200.jpg 300w, https:\/\/www.touche.be\/app\/uploads\/sites\/44\/2025\/12\/Administratieve-en-psychologische-bijstand-768x512.jpg 768w, https:\/\/www.touche.be\/app\/uploads\/sites\/44\/2025\/12\/Administratieve-en-psychologische-bijstand-450x300.jpg 450w\" sizes=\"(max-width: 944px) 100vw, 944px\" title=\"Cr\u00e9mation\" \/>                                                                            <\/div>\n                                \n                                                                    <div class=\"content-wrap\">\n                                        <h4>Soutien administratif et psy<\/h4>\n<p>Nous vous accompagnons avant, pendant et apr\u00e8s les fun\u00e9railles.<\/p>\n<p><a class=\"btn btn-primary\" href=\"https:\/\/www.funeraillesdesablens.be\/fr\/organiser-des-funerailles-desablens-sereni\/aide-administrative-desablens-sereni\/\">Plus d\u2019info<\/a><\/p>\n                                    <\/div>\n                                                                                    <\/div>\n                                                <\/div>\n        <\/div>\n    <\/div>\n<\/div>\n","protected":false},"excerpt":{"rendered":"","protected":false},"author":1,"featured_media":0,"parent":24683,"menu_order":2,"comment_status":"closed","ping_status":"closed","template":"","meta":{"_acf_changed":false,"footnotes":""},"class_list":["post-24670","page","type-page","status-publish","hentry"],"acf":[],"yoast_head":"<!-- This site is optimized with the Yoast SEO plugin v25.8 - https:\/\/yoast.com\/wordpress\/plugins\/seo\/ -->\n<title>Cr\u00e9mation Desablens I Sereni<\/title>\n<meta name=\"description\" content=\"Le planificateur fun\u00e9raire Desablens fournit tout pour la cr\u00e9mation du d\u00e9funt. Tant le c\u00f4t\u00e9 pratique que le service d&#039;adieu.\" \/>\n<meta name=\"robots\" content=\"index, follow, max-snippet:-1, max-image-preview:large, max-video-preview:-1\" \/>\n<link rel=\"canonical\" href=\"https:\/\/www.funeraillesdesablens.be\/fr\/organiser-des-funerailles-desablens-sereni\/cremation-desablens-sereni\/\" \/>\n<meta property=\"og:locale\" content=\"fr_FR\" \/>\n<meta property=\"og:type\" content=\"article\" \/>\n<meta property=\"og:title\" content=\"Cr\u00e9mation Desablens I Sereni\" \/>\n<meta property=\"og:description\" content=\"Le planificateur fun\u00e9raire Desablens fournit tout pour la cr\u00e9mation du d\u00e9funt. Tant le c\u00f4t\u00e9 pratique que le service d&#039;adieu.\" \/>\n<meta property=\"og:url\" content=\"https:\/\/www.funeraillesdesablens.be\/fr\/organiser-des-funerailles-desablens-sereni\/cremation-desablens-sereni\/\" \/>\n<meta property=\"og:site_name\" content=\"Desablens\" \/>\n<meta property=\"article:modified_time\" content=\"2025-12-17T14:15:22+00:00\" \/>\n<meta property=\"og:image\" content=\"https:\/\/www.touche.be\/app\/uploads\/sites\/44\/2025\/06\/Social-image-Desablens-8.jpg\" \/>\n\t<meta property=\"og:image:width\" content=\"1800\" \/>\n\t<meta property=\"og:image:height\" content=\"628\" \/>\n\t<meta property=\"og:image:type\" content=\"image\/jpeg\" \/>\n<meta name=\"twitter:card\" content=\"summary_large_image\" \/>\n<meta name=\"twitter:label1\" content=\"Est. reading time\" \/>\n\t<meta name=\"twitter:data1\" content=\"2 minutes\" \/>\n<script type=\"application\/ld+json\" class=\"yoast-schema-graph\">{\"@context\":\"https:\/\/schema.org\",\"@graph\":[{\"@type\":\"WebPage\",\"@id\":\"https:\/\/www.funeraillesdesablens.be\/fr\/organiser-des-funerailles-desablens-sereni\/cremation-desablens-sereni\/\",\"url\":\"https:\/\/www.funeraillesdesablens.be\/fr\/organiser-des-funerailles-desablens-sereni\/cremation-desablens-sereni\/\",\"name\":\"Cr\u00e9mation Desablens I Sereni\",\"isPartOf\":{\"@id\":\"https:\/\/www.funeraillesdesablens.be\/fr\/#website\"},\"datePublished\":\"2022-04-04T11:15:39+00:00\",\"dateModified\":\"2025-12-17T14:15:22+00:00\",\"description\":\"Le planificateur fun\u00e9raire Desablens fournit tout pour la cr\u00e9mation du d\u00e9funt. Tant le c\u00f4t\u00e9 pratique que le service d'adieu.\",\"breadcrumb\":{\"@id\":\"https:\/\/www.funeraillesdesablens.be\/fr\/organiser-des-funerailles-desablens-sereni\/cremation-desablens-sereni\/#breadcrumb\"},\"inLanguage\":\"fr-FR\",\"potentialAction\":[{\"@type\":\"ReadAction\",\"target\":[\"https:\/\/www.funeraillesdesablens.be\/fr\/organiser-des-funerailles-desablens-sereni\/cremation-desablens-sereni\/\"]}]},{\"@type\":\"BreadcrumbList\",\"@id\":\"https:\/\/www.funeraillesdesablens.be\/fr\/organiser-des-funerailles-desablens-sereni\/cremation-desablens-sereni\/#breadcrumb\",\"itemListElement\":[{\"@type\":\"ListItem\",\"position\":1,\"name\":\"Organiser des fun\u00e9railles\",\"item\":\"https:\/\/www.funeraillesdesablens.be\/fr\/organiser-des-funerailles-desablens-sereni\/\"},{\"@type\":\"ListItem\",\"position\":2,\"name\":\"Cr\u00e9mation\"}]},{\"@type\":\"WebSite\",\"@id\":\"https:\/\/www.funeraillesdesablens.be\/fr\/#website\",\"url\":\"https:\/\/www.funeraillesdesablens.be\/fr\/\",\"name\":\"Desablens\",\"description\":\"Just another Sereni site\",\"potentialAction\":[{\"@type\":\"SearchAction\",\"target\":{\"@type\":\"EntryPoint\",\"urlTemplate\":\"https:\/\/www.funeraillesdesablens.be\/fr\/?s={search_term_string}\"},\"query-input\":{\"@type\":\"PropertyValueSpecification\",\"valueRequired\":true,\"valueName\":\"search_term_string\"}}],\"inLanguage\":\"fr-FR\"}]}<\/script>\n<!-- \/ Yoast SEO plugin. -->","yoast_head_json":{"title":"Cr\u00e9mation Desablens I Sereni","description":"Le planificateur fun\u00e9raire Desablens fournit tout pour la cr\u00e9mation du d\u00e9funt. Tant le c\u00f4t\u00e9 pratique que le service d'adieu.","robots":{"index":"index","follow":"follow","max-snippet":"max-snippet:-1","max-image-preview":"max-image-preview:large","max-video-preview":"max-video-preview:-1"},"canonical":"https:\/\/www.funeraillesdesablens.be\/fr\/organiser-des-funerailles-desablens-sereni\/cremation-desablens-sereni\/","og_locale":"fr_FR","og_type":"article","og_title":"Cr\u00e9mation Desablens I Sereni","og_description":"Le planificateur fun\u00e9raire Desablens fournit tout pour la cr\u00e9mation du d\u00e9funt. Tant le c\u00f4t\u00e9 pratique que le service d'adieu.","og_url":"https:\/\/www.funeraillesdesablens.be\/fr\/organiser-des-funerailles-desablens-sereni\/cremation-desablens-sereni\/","og_site_name":"Desablens","article_modified_time":"2025-12-17T14:15:22+00:00","og_image":[{"width":1800,"height":628,"url":"https:\/\/www.touche.be\/app\/uploads\/sites\/44\/2025\/06\/Social-image-Desablens-8.jpg","type":"image\/jpeg"}],"twitter_card":"summary_large_image","twitter_misc":{"Est. reading time":"2 minutes"},"schema":{"@context":"https:\/\/schema.org","@graph":[{"@type":"WebPage","@id":"https:\/\/www.funeraillesdesablens.be\/fr\/organiser-des-funerailles-desablens-sereni\/cremation-desablens-sereni\/","url":"https:\/\/www.funeraillesdesablens.be\/fr\/organiser-des-funerailles-desablens-sereni\/cremation-desablens-sereni\/","name":"Cr\u00e9mation Desablens I Sereni","isPartOf":{"@id":"https:\/\/www.funeraillesdesablens.be\/fr\/#website"},"datePublished":"2022-04-04T11:15:39+00:00","dateModified":"2025-12-17T14:15:22+00:00","description":"Le planificateur fun\u00e9raire Desablens fournit tout pour la cr\u00e9mation du d\u00e9funt. Tant le c\u00f4t\u00e9 pratique que le service d'adieu.","breadcrumb":{"@id":"https:\/\/www.funeraillesdesablens.be\/fr\/organiser-des-funerailles-desablens-sereni\/cremation-desablens-sereni\/#breadcrumb"},"inLanguage":"fr-FR","potentialAction":[{"@type":"ReadAction","target":["https:\/\/www.funeraillesdesablens.be\/fr\/organiser-des-funerailles-desablens-sereni\/cremation-desablens-sereni\/"]}]},{"@type":"BreadcrumbList","@id":"https:\/\/www.funeraillesdesablens.be\/fr\/organiser-des-funerailles-desablens-sereni\/cremation-desablens-sereni\/#breadcrumb","itemListElement":[{"@type":"ListItem","position":1,"name":"Organiser des fun\u00e9railles","item":"https:\/\/www.funeraillesdesablens.be\/fr\/organiser-des-funerailles-desablens-sereni\/"},{"@type":"ListItem","position":2,"name":"Cr\u00e9mation"}]},{"@type":"WebSite","@id":"https:\/\/www.funeraillesdesablens.be\/fr\/#website","url":"https:\/\/www.funeraillesdesablens.be\/fr\/","name":"Desablens","description":"Just another Sereni site","potentialAction":[{"@type":"SearchAction","target":{"@type":"EntryPoint","urlTemplate":"https:\/\/www.funeraillesdesablens.be\/fr\/?s={search_term_string}"},"query-input":{"@type":"PropertyValueSpecification","valueRequired":true,"valueName":"search_term_string"}}],"inLanguage":"fr-FR"}]}},"_links":{"self":[{"href":"https:\/\/www.funeraillesdesablens.be\/fr\/wp-json\/wp\/v2\/pages\/24670","targetHints":{"allow":["GET"]}}],"collection":[{"href":"https:\/\/www.funeraillesdesablens.be\/fr\/wp-json\/wp\/v2\/pages"}],"about":[{"href":"https:\/\/www.funeraillesdesablens.be\/fr\/wp-json\/wp\/v2\/types\/page"}],"author":[{"embeddable":true,"href":"https:\/\/www.funeraillesdesablens.be\/fr\/wp-json\/wp\/v2\/users\/1"}],"replies":[{"embeddable":true,"href":"https:\/\/www.funeraillesdesablens.be\/fr\/wp-json\/wp\/v2\/comments?post=24670"}],"version-history":[{"count":4,"href":"https:\/\/www.funeraillesdesablens.be\/fr\/wp-json\/wp\/v2\/pages\/24670\/revisions"}],"predecessor-version":[{"id":81213,"href":"https:\/\/www.funeraillesdesablens.be\/fr\/wp-json\/wp\/v2\/pages\/24670\/revisions\/81213"}],"up":[{"embeddable":true,"href":"https:\/\/www.funeraillesdesablens.be\/fr\/wp-json\/wp\/v2\/pages\/24683"}],"wp:attachment":[{"href":"https:\/\/www.funeraillesdesablens.be\/fr\/wp-json\/wp\/v2\/media?parent=24670"}],"curies":[{"name":"wp","href":"https:\/\/api.w.org\/{rel}","templated":true}]}}