{"id":24669,"date":"2022-04-04T11:14:59","date_gmt":"2022-04-04T10:14:59","guid":{"rendered":"https:\/\/www.funeraillesdesablens.be\/onze-diensten\/begrafenis\/"},"modified":"2025-12-17T15:11:47","modified_gmt":"2025-12-17T14:11:47","slug":"inhumation","status":"publish","type":"page","link":"https:\/\/www.funeraillesdesablens.be\/fr\/organiser-des-funerailles-desablens-sereni\/inhumation\/","title":{"rendered":"L&#8217;inhumation"},"content":{"rendered":"\n<div id=\"block-main-banner-block_a58b747517ddaec0f26bd6437a6a1f8f\" class=\"block-main-banner\">\n    <div class=\"container\">\n        <div class=\"banner-wrap layout2 content_left content_top\">\n            <div class=\"banner-image\">\n                                                            <img decoding=\"async\" width=\"1091\" height=\"1440\" src=\"https:\/\/www.touche.be\/app\/uploads\/sites\/44\/2022\/10\/8744-copy-1091x1440.jpg\" class=\"attachment-full-stretched size-full-stretched\" alt=\"L&#039;inhumation\" srcset=\"https:\/\/www.touche.be\/app\/uploads\/sites\/44\/2022\/10\/8744-copy-1091x1440.jpg 1091w, https:\/\/www.touche.be\/app\/uploads\/sites\/44\/2022\/10\/8744-copy-227x300.jpg 227w, https:\/\/www.touche.be\/app\/uploads\/sites\/44\/2022\/10\/8744-copy-776x1024.jpg 776w, https:\/\/www.touche.be\/app\/uploads\/sites\/44\/2022\/10\/8744-copy-1163x1536.jpg 1163w, https:\/\/www.touche.be\/app\/uploads\/sites\/44\/2022\/10\/8744-copy-985x1300.jpg 985w, https:\/\/www.touche.be\/app\/uploads\/sites\/44\/2022\/10\/8744-copy-454x600.jpg 454w, https:\/\/www.touche.be\/app\/uploads\/sites\/44\/2022\/10\/8744-copy-scaled.jpg 1939w\" sizes=\"(max-width: 1091px) 100vw, 1091px\" title=\"L&#039;inhumation\" \/>                                                <\/div>\n\n                            <div class=\"banner-content\">\n                    <div class=\"inner\">\n                        <p>Si votre famille ne dispose pas de concession familiale ou de caveau dans un cimeti\u00e8re en Belgique ou \u00e0 l\u2019\u00e9tranger, nos conseillers fun\u00e9raires prennent le temps de vous expliquer toutes les possibilit\u00e9s d\u2019inhumation qui s\u2019offrent \u00e0 vous et ce, en fonction de la localit\u00e9 du d\u00e9funt, de ses souhaits, de ses convictions philosophiques car chaque r\u00e9gion \u00e0 sa propre r\u00e9glementation et certains cimeti\u00e8res offrent plus de possibilit\u00e9s que d\u2019autres. (Cimeti\u00e8re multiconfessionnel). Il convient donc de prendre le temps de bien dialoguer pour trouver la meilleure solution pour votre famille.<\/p>\n<p>Il est possible d\u2019\u00eatre inhum\u00e9 en pleine terre pour une dur\u00e9e de 10 ans en Wallonie et \u00e0 Bruxelles \/ 10 ans en Flandre, il n\u2019y a pas de frais d\u2019achat de terrain dans ce cas.  Les concessions en pleine terre pour des dur\u00e9es plus longues et pour plusieurs corps sont possibles, moyennant paiement.<\/p>\n<p>Les caveaux anciennement ma\u00e7onn\u00e9s sont la plupart du temps constitu\u00e9s de citernes superpos\u00e9es, les cercueils ne sont donc pas en contact avec la terre mais en Wallonie et \u00e0 Bruxelles, un cercueil int\u00e9rieur en zinc est obligatoire. Le choix du caveau est donc plus on\u00e9reux. Il existe aussi des cavurnes permettant l\u2019inhumation d\u2019urne cin\u00e9raire.<\/p>\n<p><a class=\"btn btn-primary\" href=\"https:\/\/www.funeraillesdesablens.be\/fr\/contact\/\">Contactez-nous<\/a><\/p>\n                    <\/div>\n                <\/div>\n                    <\/div>\n    <\/div>\n<\/div>\n\n\n<div id=\"block-variable-content-list-block_2fe371c099839734d955a183d3c95d45\" class=\"block-variable-content-list default\">\n    <div class=\"container\">\n        <div class=\"widget-wrap per_row_4\">\n                        <div class=\"block-content\">\n                                                                                    <div class=\"element\">\n                                                            \n                                                                    <div class=\"image-wrap\">\n                                                                                    <img decoding=\"async\" width=\"944\" height=\"629\" src=\"https:\/\/www.touche.be\/app\/uploads\/sites\/44\/2025\/12\/je-condoleances-online-Sereni.jpg\" class=\"attachment-large size-large\" alt=\"L&#039;inhumation\" srcset=\"https:\/\/www.touche.be\/app\/uploads\/sites\/44\/2025\/12\/je-condoleances-online-Sereni.jpg 944w, https:\/\/www.touche.be\/app\/uploads\/sites\/44\/2025\/12\/je-condoleances-online-Sereni-300x200.jpg 300w, https:\/\/www.touche.be\/app\/uploads\/sites\/44\/2025\/12\/je-condoleances-online-Sereni-768x512.jpg 768w, https:\/\/www.touche.be\/app\/uploads\/sites\/44\/2025\/12\/je-condoleances-online-Sereni-450x300.jpg 450w\" sizes=\"(max-width: 944px) 100vw, 944px\" title=\"L&#039;inhumation\" \/>                                                                            <\/div>\n                                \n                                                                    <div class=\"content-wrap\">\n                                        <h4>Vos condol\u00e9ances en ligne<\/h4>\n<p>Envoyez un message, une carte ou des fleurs en quelques clics.<\/p>\n<p><a class=\"btn btn-primary\" href=\"https:\/\/www.funeraillesdesablens.be\/fr\/condoleances-desablens-sereni\/\">Plus d\u2019info<\/a><\/p>\n                                    <\/div>\n                                                                                    <\/div>\n                                                                    <div class=\"element\">\n                                                            \n                                                                    <div class=\"image-wrap\">\n                                                                                    <img decoding=\"async\" width=\"944\" height=\"629\" src=\"https:\/\/www.touche.be\/app\/uploads\/sites\/44\/2025\/12\/Transfert-et-rapatriement-Sereni.jpg\" class=\"attachment-large size-large\" alt=\"L&#039;inhumation\" srcset=\"https:\/\/www.touche.be\/app\/uploads\/sites\/44\/2025\/12\/Transfert-et-rapatriement-Sereni.jpg 944w, https:\/\/www.touche.be\/app\/uploads\/sites\/44\/2025\/12\/Transfert-et-rapatriement-Sereni-300x200.jpg 300w, https:\/\/www.touche.be\/app\/uploads\/sites\/44\/2025\/12\/Transfert-et-rapatriement-Sereni-768x512.jpg 768w, https:\/\/www.touche.be\/app\/uploads\/sites\/44\/2025\/12\/Transfert-et-rapatriement-Sereni-450x300.jpg 450w\" sizes=\"(max-width: 944px) 100vw, 944px\" title=\"L&#039;inhumation\" \/>                                                                            <\/div>\n                                \n                                                                    <div class=\"content-wrap\">\n                                        <h4>Transfert et rapatriement<\/h4>\n<p>Organisation respectueuse des rapatriements internationaux.<\/p>\n<p><a class=\"btn btn-primary\" href=\"https:\/\/www.funeraillesdesablens.be\/fr\/organiser-des-funerailles-desablens-sereni\/transfert-et-rapatriement-desablens-sereni\/\">Plus d\u2019info<\/a><\/p>\n                                    <\/div>\n                                                                                    <\/div>\n                                                                    <div class=\"element\">\n                                                            \n                                                                    <div class=\"image-wrap\">\n                                                                                    <img decoding=\"async\" width=\"1024\" height=\"683\" src=\"https:\/\/www.touche.be\/app\/uploads\/sites\/44\/2025\/12\/imprimes-funeraires-1024x683.jpg\" class=\"attachment-large size-large\" alt=\"L&#039;inhumation\" srcset=\"https:\/\/www.touche.be\/app\/uploads\/sites\/44\/2025\/12\/imprimes-funeraires-1024x683.jpg 1024w, https:\/\/www.touche.be\/app\/uploads\/sites\/44\/2025\/12\/imprimes-funeraires-300x200.jpg 300w, https:\/\/www.touche.be\/app\/uploads\/sites\/44\/2025\/12\/imprimes-funeraires-768x512.jpg 768w, https:\/\/www.touche.be\/app\/uploads\/sites\/44\/2025\/12\/imprimes-funeraires-450x300.jpg 450w, https:\/\/www.touche.be\/app\/uploads\/sites\/44\/2025\/12\/imprimes-funeraires.jpg 1200w\" sizes=\"(max-width: 1024px) 100vw, 1024px\" title=\"L&#039;inhumation\" \/>                                                                            <\/div>\n                                \n                                                                    <div class=\"content-wrap\">\n                                        <h4>Imprim\u00e9s fun\u00e9raires<\/h4>\n<p>Nous r\u00e9alisons des imprim\u00e9s personnalis\u00e9s et uniques.<\/p>\n<p><a class=\"btn btn-primary\" href=\"https:\/\/www.funeraillesdesablens.be\/fr\/organiser-des-funerailles-desablens-sereni\/imprimes-funeraires-desablens-sereni\/\">Plus d\u2019info<\/a><\/p>\n                                    <\/div>\n                                                                                    <\/div>\n                                                                    <div class=\"element\">\n                                                            \n                                                                    <div class=\"image-wrap\">\n                                                                                    <img decoding=\"async\" width=\"944\" height=\"629\" src=\"https:\/\/www.touche.be\/app\/uploads\/sites\/44\/2025\/12\/Administratieve-en-psychologische-bijstand.jpg\" class=\"attachment-large size-large\" alt=\"L&#039;inhumation\" srcset=\"https:\/\/www.touche.be\/app\/uploads\/sites\/44\/2025\/12\/Administratieve-en-psychologische-bijstand.jpg 944w, https:\/\/www.touche.be\/app\/uploads\/sites\/44\/2025\/12\/Administratieve-en-psychologische-bijstand-300x200.jpg 300w, https:\/\/www.touche.be\/app\/uploads\/sites\/44\/2025\/12\/Administratieve-en-psychologische-bijstand-768x512.jpg 768w, https:\/\/www.touche.be\/app\/uploads\/sites\/44\/2025\/12\/Administratieve-en-psychologische-bijstand-450x300.jpg 450w\" sizes=\"(max-width: 944px) 100vw, 944px\" title=\"L&#039;inhumation\" \/>                                                                            <\/div>\n                                \n                                                                    <div class=\"content-wrap\">\n                                        <h4>Soutien administratif et psy<\/h4>\n<p>Nous vous accompagnons avant, pendant et apr\u00e8s les fun\u00e9railles.<\/p>\n<p><a class=\"btn btn-primary\" href=\"https:\/\/www.funeraillesdesablens.be\/fr\/organiser-des-funerailles-desablens-sereni\/aide-administrative-desablens-sereni\/\">Plus d\u2019info<\/a><\/p>\n                                    <\/div>\n                                                                                    <\/div>\n                                                <\/div>\n        <\/div>\n    <\/div>\n<\/div>\n","protected":false},"excerpt":{"rendered":"","protected":false},"author":1,"featured_media":0,"parent":24683,"menu_order":0,"comment_status":"closed","ping_status":"closed","template":"","meta":{"_acf_changed":false,"footnotes":""},"class_list":["post-24669","page","type-page","status-publish","hentry"],"acf":[],"yoast_head":"<!-- This site is optimized with the Yoast SEO plugin v25.8 - https:\/\/yoast.com\/wordpress\/plugins\/seo\/ -->\n<title>Inhumation Desablens I Sereni<\/title>\n<meta name=\"description\" content=\"L&#039;organisateur de pompes fun\u00e8bres Desablens peut organiser des inhumation personnelles. Nous vous assistons \u00e9motionnellement et administrativement.\" \/>\n<meta name=\"robots\" content=\"index, follow, max-snippet:-1, max-image-preview:large, max-video-preview:-1\" \/>\n<link rel=\"canonical\" href=\"https:\/\/www.funeraillesdesablens.be\/fr\/organiser-des-funerailles-desablens-sereni\/inhumation\/\" \/>\n<meta property=\"og:locale\" content=\"fr_FR\" \/>\n<meta property=\"og:type\" content=\"article\" \/>\n<meta property=\"og:title\" content=\"Inhumation Desablens I Sereni\" \/>\n<meta property=\"og:description\" content=\"L&#039;organisateur de pompes fun\u00e8bres Desablens peut organiser des inhumation personnelles. Nous vous assistons \u00e9motionnellement et administrativement.\" \/>\n<meta property=\"og:url\" content=\"https:\/\/www.funeraillesdesablens.be\/fr\/organiser-des-funerailles-desablens-sereni\/inhumation\/\" \/>\n<meta property=\"og:site_name\" content=\"Desablens\" \/>\n<meta property=\"article:modified_time\" content=\"2025-12-17T14:11:47+00:00\" \/>\n<meta property=\"og:image\" content=\"https:\/\/www.touche.be\/app\/uploads\/sites\/44\/2025\/06\/Social-image-Desablens-7.jpg\" \/>\n\t<meta property=\"og:image:width\" content=\"1800\" \/>\n\t<meta property=\"og:image:height\" content=\"628\" \/>\n\t<meta property=\"og:image:type\" content=\"image\/jpeg\" \/>\n<meta name=\"twitter:card\" content=\"summary_large_image\" \/>\n<meta name=\"twitter:label1\" content=\"Est. reading time\" \/>\n\t<meta name=\"twitter:data1\" content=\"3 minutes\" \/>\n<script type=\"application\/ld+json\" class=\"yoast-schema-graph\">{\"@context\":\"https:\/\/schema.org\",\"@graph\":[{\"@type\":\"WebPage\",\"@id\":\"https:\/\/www.funeraillesdesablens.be\/fr\/organiser-des-funerailles-desablens-sereni\/inhumation\/\",\"url\":\"https:\/\/www.funeraillesdesablens.be\/fr\/organiser-des-funerailles-desablens-sereni\/inhumation\/\",\"name\":\"Inhumation Desablens I Sereni\",\"isPartOf\":{\"@id\":\"https:\/\/www.funeraillesdesablens.be\/fr\/#website\"},\"datePublished\":\"2022-04-04T10:14:59+00:00\",\"dateModified\":\"2025-12-17T14:11:47+00:00\",\"description\":\"L'organisateur de pompes fun\u00e8bres Desablens peut organiser des inhumation personnelles. Nous vous assistons \u00e9motionnellement et administrativement.\",\"breadcrumb\":{\"@id\":\"https:\/\/www.funeraillesdesablens.be\/fr\/organiser-des-funerailles-desablens-sereni\/inhumation\/#breadcrumb\"},\"inLanguage\":\"fr-FR\",\"potentialAction\":[{\"@type\":\"ReadAction\",\"target\":[\"https:\/\/www.funeraillesdesablens.be\/fr\/organiser-des-funerailles-desablens-sereni\/inhumation\/\"]}]},{\"@type\":\"BreadcrumbList\",\"@id\":\"https:\/\/www.funeraillesdesablens.be\/fr\/organiser-des-funerailles-desablens-sereni\/inhumation\/#breadcrumb\",\"itemListElement\":[{\"@type\":\"ListItem\",\"position\":1,\"name\":\"Organiser des fun\u00e9railles\",\"item\":\"https:\/\/www.funeraillesdesablens.be\/fr\/organiser-des-funerailles-desablens-sereni\/\"},{\"@type\":\"ListItem\",\"position\":2,\"name\":\"L&#8217;inhumation\"}]},{\"@type\":\"WebSite\",\"@id\":\"https:\/\/www.funeraillesdesablens.be\/fr\/#website\",\"url\":\"https:\/\/www.funeraillesdesablens.be\/fr\/\",\"name\":\"Desablens\",\"description\":\"Just another Sereni site\",\"potentialAction\":[{\"@type\":\"SearchAction\",\"target\":{\"@type\":\"EntryPoint\",\"urlTemplate\":\"https:\/\/www.funeraillesdesablens.be\/fr\/?s={search_term_string}\"},\"query-input\":{\"@type\":\"PropertyValueSpecification\",\"valueRequired\":true,\"valueName\":\"search_term_string\"}}],\"inLanguage\":\"fr-FR\"}]}<\/script>\n<!-- \/ Yoast SEO plugin. -->","yoast_head_json":{"title":"Inhumation Desablens I Sereni","description":"L'organisateur de pompes fun\u00e8bres Desablens peut organiser des inhumation personnelles. Nous vous assistons \u00e9motionnellement et administrativement.","robots":{"index":"index","follow":"follow","max-snippet":"max-snippet:-1","max-image-preview":"max-image-preview:large","max-video-preview":"max-video-preview:-1"},"canonical":"https:\/\/www.funeraillesdesablens.be\/fr\/organiser-des-funerailles-desablens-sereni\/inhumation\/","og_locale":"fr_FR","og_type":"article","og_title":"Inhumation Desablens I Sereni","og_description":"L'organisateur de pompes fun\u00e8bres Desablens peut organiser des inhumation personnelles. Nous vous assistons \u00e9motionnellement et administrativement.","og_url":"https:\/\/www.funeraillesdesablens.be\/fr\/organiser-des-funerailles-desablens-sereni\/inhumation\/","og_site_name":"Desablens","article_modified_time":"2025-12-17T14:11:47+00:00","og_image":[{"width":1800,"height":628,"url":"https:\/\/www.touche.be\/app\/uploads\/sites\/44\/2025\/06\/Social-image-Desablens-7.jpg","type":"image\/jpeg"}],"twitter_card":"summary_large_image","twitter_misc":{"Est. reading time":"3 minutes"},"schema":{"@context":"https:\/\/schema.org","@graph":[{"@type":"WebPage","@id":"https:\/\/www.funeraillesdesablens.be\/fr\/organiser-des-funerailles-desablens-sereni\/inhumation\/","url":"https:\/\/www.funeraillesdesablens.be\/fr\/organiser-des-funerailles-desablens-sereni\/inhumation\/","name":"Inhumation Desablens I Sereni","isPartOf":{"@id":"https:\/\/www.funeraillesdesablens.be\/fr\/#website"},"datePublished":"2022-04-04T10:14:59+00:00","dateModified":"2025-12-17T14:11:47+00:00","description":"L'organisateur de pompes fun\u00e8bres Desablens peut organiser des inhumation personnelles. Nous vous assistons \u00e9motionnellement et administrativement.","breadcrumb":{"@id":"https:\/\/www.funeraillesdesablens.be\/fr\/organiser-des-funerailles-desablens-sereni\/inhumation\/#breadcrumb"},"inLanguage":"fr-FR","potentialAction":[{"@type":"ReadAction","target":["https:\/\/www.funeraillesdesablens.be\/fr\/organiser-des-funerailles-desablens-sereni\/inhumation\/"]}]},{"@type":"BreadcrumbList","@id":"https:\/\/www.funeraillesdesablens.be\/fr\/organiser-des-funerailles-desablens-sereni\/inhumation\/#breadcrumb","itemListElement":[{"@type":"ListItem","position":1,"name":"Organiser des fun\u00e9railles","item":"https:\/\/www.funeraillesdesablens.be\/fr\/organiser-des-funerailles-desablens-sereni\/"},{"@type":"ListItem","position":2,"name":"L&#8217;inhumation"}]},{"@type":"WebSite","@id":"https:\/\/www.funeraillesdesablens.be\/fr\/#website","url":"https:\/\/www.funeraillesdesablens.be\/fr\/","name":"Desablens","description":"Just another Sereni site","potentialAction":[{"@type":"SearchAction","target":{"@type":"EntryPoint","urlTemplate":"https:\/\/www.funeraillesdesablens.be\/fr\/?s={search_term_string}"},"query-input":{"@type":"PropertyValueSpecification","valueRequired":true,"valueName":"search_term_string"}}],"inLanguage":"fr-FR"}]}},"_links":{"self":[{"href":"https:\/\/www.funeraillesdesablens.be\/fr\/wp-json\/wp\/v2\/pages\/24669","targetHints":{"allow":["GET"]}}],"collection":[{"href":"https:\/\/www.funeraillesdesablens.be\/fr\/wp-json\/wp\/v2\/pages"}],"about":[{"href":"https:\/\/www.funeraillesdesablens.be\/fr\/wp-json\/wp\/v2\/types\/page"}],"author":[{"embeddable":true,"href":"https:\/\/www.funeraillesdesablens.be\/fr\/wp-json\/wp\/v2\/users\/1"}],"replies":[{"embeddable":true,"href":"https:\/\/www.funeraillesdesablens.be\/fr\/wp-json\/wp\/v2\/comments?post=24669"}],"version-history":[{"count":3,"href":"https:\/\/www.funeraillesdesablens.be\/fr\/wp-json\/wp\/v2\/pages\/24669\/revisions"}],"predecessor-version":[{"id":81206,"href":"https:\/\/www.funeraillesdesablens.be\/fr\/wp-json\/wp\/v2\/pages\/24669\/revisions\/81206"}],"up":[{"embeddable":true,"href":"https:\/\/www.funeraillesdesablens.be\/fr\/wp-json\/wp\/v2\/pages\/24683"}],"wp:attachment":[{"href":"https:\/\/www.funeraillesdesablens.be\/fr\/wp-json\/wp\/v2\/media?parent=24669"}],"curies":[{"name":"wp","href":"https:\/\/api.w.org\/{rel}","templated":true}]}}