{"id":24665,"date":"2021-10-26T12:14:26","date_gmt":"2021-10-26T12:14:26","guid":{"rendered":"https:\/\/www.funeraillesdesablens.be\/contact\/"},"modified":"2025-12-17T15:58:09","modified_gmt":"2025-12-17T14:58:09","slug":"contact-desablens-sereni","status":"publish","type":"page","link":"https:\/\/www.funeraillesdesablens.be\/fr\/contact-desablens-sereni\/","title":{"rendered":"Contact"},"content":{"rendered":"\n<p class=\"normal\">Contact les fun\u00e9railles Desablens 24\/7 pour <a href=\"https:\/\/www.sereni.be\/menu\/fr\/organiser-des-funerailles\">signaler un d\u00e9c\u00e8s<\/a>.<\/p>\n\n\n\n<div id=\"block-main-banner-block_93b612b8b0736ae69be3ff2a9ec88066\" class=\"block-main-banner\">\n    <div class=\"container\">\n        <div class=\"banner-wrap layout2 content_left content_top\">\n            <div class=\"banner-image\">\n                                                            <img decoding=\"async\" width=\"1102\" height=\"1185\" src=\"https:\/\/www.touche.be\/app\/uploads\/sites\/44\/2022\/10\/8947-web-copy.jpg\" class=\"attachment-full-stretched size-full-stretched\" alt=\"Contact\" srcset=\"https:\/\/www.touche.be\/app\/uploads\/sites\/44\/2022\/10\/8947-web-copy.jpg 1102w, https:\/\/www.touche.be\/app\/uploads\/sites\/44\/2022\/10\/8947-web-copy-279x300.jpg 279w, https:\/\/www.touche.be\/app\/uploads\/sites\/44\/2022\/10\/8947-web-copy-952x1024.jpg 952w, https:\/\/www.touche.be\/app\/uploads\/sites\/44\/2022\/10\/8947-web-copy-558x600.jpg 558w\" sizes=\"(max-width: 1102px) 100vw, 1102px\" title=\"Contact\" \/>                                                <\/div>\n\n                            <div class=\"banner-content\">\n                    <div class=\"inner\">\n                        <h2>Contact Desablens<\/h2>\n<p><a class=\"btn btn-primary\" href=\"tel:069 54 64 22\">069 54 64 22<\/a><\/p>\n<p><a class=\"btn btn-primary\" href=\"mailto:desablens@sereni.be\">desablens@sereni.be<\/a><\/p>\n<p><strong>Accueil sur rendez-vous :<br \/>\nGrand&#8217;Route 250, 7530 Gaurain-Ramecroix<br \/>\n<\/strong><\/p>\n<div style=\"width:100%; max-width:600px; margin:0 auto; border-radius:8px; overflow:hidden;\">\n  <iframe\n    src=\"https:\/\/www.google.com\/maps\/embed?pb=!1m18!1m12!1m3!1d2532.679683928546!2d3.476413576486075!3d50.595906676880176!2m3!1f0!2f0!3f0!3m2!1i1024!2i768!4f13.1!3m3!1m2!1s0x47c2e1862e0c1295%3A0xa1c3724272eb2328!2sDesablens%20-%20Sereni!5e0!3m2!1sen!2sbe!4v1765983390122!5m2!1sen!2sbe\"\n    width=\"100%\"\n    height=\"350\"\n    style=\"border:0;\"\n    allowfullscreen\n    loading=\"lazy\"\n    referrerpolicy=\"no-referrer-when-downgrade\"><br \/>\n  <\/iframe>\n<\/div>\n<ul>\n<li>Prise en charge du d\u00e9c\u00e8s<\/li>\n<li>Aide et soutien pour donner place au deuil et au chagrin<\/li>\n<li>Organisation de la c\u00e9r\u00e9monie personnalis\u00e9e<\/li>\n<li>Soutien administratif<\/li>\n<li>Espace chaleureux et lumineux<\/li>\n<li>Large gamme d\u2019articles fun\u00e9raires<\/li>\n<li>Assurances obs\u00e8ques<\/li>\n<\/ul>\n<p>Vous avez des questions ou vous recherchez un service sp\u00e9cifique que vous ne trouvez pas sur notre site ? Contactez-nous, nous nous ferons un plaisir de vous aider.<\/p>\n                    <\/div>\n                <\/div>\n                    <\/div>\n    <\/div>\n<\/div>\n\n\n<div id=\"block-variable-content-list-block_8b9c1e9bbb73ee0e365ba8549a8ea17a\" class=\"block-variable-content-list alt_1\">\n    <div class=\"container\">\n        <div class=\"widget-wrap per_row_2\">\n                        <div class=\"block-content\">\n                                                                                    <div class=\"element\">\n                                                            \n                                                                    <div class=\"image-wrap\">\n                                                                                    <img decoding=\"async\" width=\"640\" height=\"480\" src=\"https:\/\/www.touche.be\/app\/uploads\/sites\/44\/2024\/05\/IMG_5638.jpeg\" class=\"attachment-large size-large\" alt=\"Contact\" srcset=\"https:\/\/www.touche.be\/app\/uploads\/sites\/44\/2024\/05\/IMG_5638.jpeg 640w, https:\/\/www.touche.be\/app\/uploads\/sites\/44\/2024\/05\/IMG_5638-300x225.jpeg 300w, https:\/\/www.touche.be\/app\/uploads\/sites\/44\/2024\/05\/IMG_5638-400x300.jpeg 400w, https:\/\/www.touche.be\/app\/uploads\/sites\/44\/2024\/05\/IMG_5638-600x450.jpeg 600w\" sizes=\"(max-width: 640px) 100vw, 640px\" title=\"Contact\" \/>                                                                            <\/div>\n                                \n                                                                                    <\/div>\n                                                                    <div class=\"element\">\n                                                            \n                                \n                                                                    <div class=\"content-wrap\">\n                                        <blockquote>\n<p style=\"text-align: center\"><span class=\"type-e\">Cette entreprise poss\u00e8de sa propre histoire, avec des racines familiales solides et une \u00e9quipe motiv\u00e9e et comp\u00e9tente. Son nom est un gage de qualit\u00e9, une promesse de confiance.<\/span><\/p>\n<\/blockquote>\n                                    <\/div>\n                                                                                    <\/div>\n                                                <\/div>\n        <\/div>\n    <\/div>\n<\/div>\n\n\n\n<div id=\"block-main-banner-block_b8eaad91867f58235c7fee491fb027c9\" class=\"block-main-banner\">\n    <div class=\"container\">\n        <div class=\"banner-wrap  content_ content_\">\n            <div class=\"banner-image\">\n                                                                                                            <\/div>\n\n                    <\/div>\n    <\/div>\n<\/div>\n\n\n\n<p class=\"normal\"><\/p>\n","protected":false},"excerpt":{"rendered":"<p>Contact les fun\u00e9railles Desablens 24\/7 pour signaler un d\u00e9c\u00e8s.<\/p>\n","protected":false},"author":1,"featured_media":0,"parent":0,"menu_order":0,"comment_status":"closed","ping_status":"closed","template":"","meta":{"_acf_changed":false,"footnotes":""},"class_list":["post-24665","page","type-page","status-publish","hentry"],"acf":[],"yoast_head":"<!-- This site is optimized with the Yoast SEO plugin v25.8 - https:\/\/yoast.com\/wordpress\/plugins\/seo\/ -->\n<title>Contact Desablens I Sereni<\/title>\n<meta name=\"description\" content=\"Contact Desablens Sereni 24\/7 par e-mail ou par t\u00e9l\u00e9phone. Vous pouvez poser toutes vos questions ou signaler un d\u00e9c\u00e8s ici.\" \/>\n<meta name=\"robots\" content=\"index, follow, max-snippet:-1, max-image-preview:large, max-video-preview:-1\" \/>\n<link rel=\"canonical\" href=\"https:\/\/www.funeraillesdesablens.be\/fr\/contact-desablens-sereni\/\" \/>\n<meta property=\"og:locale\" content=\"fr_FR\" \/>\n<meta property=\"og:type\" content=\"article\" \/>\n<meta property=\"og:title\" content=\"Contact Desablens I Sereni\" \/>\n<meta property=\"og:description\" content=\"Contact Desablens Sereni 24\/7 par e-mail ou par t\u00e9l\u00e9phone. Vous pouvez poser toutes vos questions ou signaler un d\u00e9c\u00e8s ici.\" \/>\n<meta property=\"og:url\" content=\"https:\/\/www.funeraillesdesablens.be\/fr\/contact-desablens-sereni\/\" \/>\n<meta property=\"og:site_name\" content=\"Desablens\" \/>\n<meta property=\"article:modified_time\" content=\"2025-12-17T14:58:09+00:00\" \/>\n<meta name=\"twitter:card\" content=\"summary_large_image\" \/>\n<meta name=\"twitter:label1\" content=\"Est. reading time\" \/>\n\t<meta name=\"twitter:data1\" content=\"1 minute\" \/>\n<script type=\"application\/ld+json\" class=\"yoast-schema-graph\">{\"@context\":\"https:\/\/schema.org\",\"@graph\":[{\"@type\":[\"WebPage\",\"ContactPage\"],\"@id\":\"https:\/\/www.funeraillesdesablens.be\/fr\/contact-desablens-sereni\/\",\"url\":\"https:\/\/www.funeraillesdesablens.be\/fr\/contact-desablens-sereni\/\",\"name\":\"Contact Desablens I Sereni\",\"isPartOf\":{\"@id\":\"https:\/\/www.funeraillesdesablens.be\/fr\/#website\"},\"datePublished\":\"2021-10-26T12:14:26+00:00\",\"dateModified\":\"2025-12-17T14:58:09+00:00\",\"description\":\"Contact Desablens Sereni 24\/7 par e-mail ou par t\u00e9l\u00e9phone. Vous pouvez poser toutes vos questions ou signaler un d\u00e9c\u00e8s ici.\",\"inLanguage\":\"fr-FR\",\"potentialAction\":[{\"@type\":\"ReadAction\",\"target\":[\"https:\/\/www.funeraillesdesablens.be\/fr\/contact-desablens-sereni\/\"]}]},{\"@type\":\"WebSite\",\"@id\":\"https:\/\/www.funeraillesdesablens.be\/fr\/#website\",\"url\":\"https:\/\/www.funeraillesdesablens.be\/fr\/\",\"name\":\"Desablens\",\"description\":\"Just another Sereni site\",\"potentialAction\":[{\"@type\":\"SearchAction\",\"target\":{\"@type\":\"EntryPoint\",\"urlTemplate\":\"https:\/\/www.funeraillesdesablens.be\/fr\/?s={search_term_string}\"},\"query-input\":{\"@type\":\"PropertyValueSpecification\",\"valueRequired\":true,\"valueName\":\"search_term_string\"}}],\"inLanguage\":\"fr-FR\"}]}<\/script>\n<!-- \/ Yoast SEO plugin. -->","yoast_head_json":{"title":"Contact Desablens I Sereni","description":"Contact Desablens Sereni 24\/7 par e-mail ou par t\u00e9l\u00e9phone. Vous pouvez poser toutes vos questions ou signaler un d\u00e9c\u00e8s ici.","robots":{"index":"index","follow":"follow","max-snippet":"max-snippet:-1","max-image-preview":"max-image-preview:large","max-video-preview":"max-video-preview:-1"},"canonical":"https:\/\/www.funeraillesdesablens.be\/fr\/contact-desablens-sereni\/","og_locale":"fr_FR","og_type":"article","og_title":"Contact Desablens I Sereni","og_description":"Contact Desablens Sereni 24\/7 par e-mail ou par t\u00e9l\u00e9phone. Vous pouvez poser toutes vos questions ou signaler un d\u00e9c\u00e8s ici.","og_url":"https:\/\/www.funeraillesdesablens.be\/fr\/contact-desablens-sereni\/","og_site_name":"Desablens","article_modified_time":"2025-12-17T14:58:09+00:00","twitter_card":"summary_large_image","twitter_misc":{"Est. reading time":"1 minute"},"schema":{"@context":"https:\/\/schema.org","@graph":[{"@type":["WebPage","ContactPage"],"@id":"https:\/\/www.funeraillesdesablens.be\/fr\/contact-desablens-sereni\/","url":"https:\/\/www.funeraillesdesablens.be\/fr\/contact-desablens-sereni\/","name":"Contact Desablens I Sereni","isPartOf":{"@id":"https:\/\/www.funeraillesdesablens.be\/fr\/#website"},"datePublished":"2021-10-26T12:14:26+00:00","dateModified":"2025-12-17T14:58:09+00:00","description":"Contact Desablens Sereni 24\/7 par e-mail ou par t\u00e9l\u00e9phone. Vous pouvez poser toutes vos questions ou signaler un d\u00e9c\u00e8s ici.","inLanguage":"fr-FR","potentialAction":[{"@type":"ReadAction","target":["https:\/\/www.funeraillesdesablens.be\/fr\/contact-desablens-sereni\/"]}]},{"@type":"WebSite","@id":"https:\/\/www.funeraillesdesablens.be\/fr\/#website","url":"https:\/\/www.funeraillesdesablens.be\/fr\/","name":"Desablens","description":"Just another Sereni site","potentialAction":[{"@type":"SearchAction","target":{"@type":"EntryPoint","urlTemplate":"https:\/\/www.funeraillesdesablens.be\/fr\/?s={search_term_string}"},"query-input":{"@type":"PropertyValueSpecification","valueRequired":true,"valueName":"search_term_string"}}],"inLanguage":"fr-FR"}]}},"_links":{"self":[{"href":"https:\/\/www.funeraillesdesablens.be\/fr\/wp-json\/wp\/v2\/pages\/24665","targetHints":{"allow":["GET"]}}],"collection":[{"href":"https:\/\/www.funeraillesdesablens.be\/fr\/wp-json\/wp\/v2\/pages"}],"about":[{"href":"https:\/\/www.funeraillesdesablens.be\/fr\/wp-json\/wp\/v2\/types\/page"}],"author":[{"embeddable":true,"href":"https:\/\/www.funeraillesdesablens.be\/fr\/wp-json\/wp\/v2\/users\/1"}],"replies":[{"embeddable":true,"href":"https:\/\/www.funeraillesdesablens.be\/fr\/wp-json\/wp\/v2\/comments?post=24665"}],"version-history":[{"count":4,"href":"https:\/\/www.funeraillesdesablens.be\/fr\/wp-json\/wp\/v2\/pages\/24665\/revisions"}],"predecessor-version":[{"id":81227,"href":"https:\/\/www.funeraillesdesablens.be\/fr\/wp-json\/wp\/v2\/pages\/24665\/revisions\/81227"}],"wp:attachment":[{"href":"https:\/\/www.funeraillesdesablens.be\/fr\/wp-json\/wp\/v2\/media?parent=24665"}],"curies":[{"name":"wp","href":"https:\/\/api.w.org\/{rel}","templated":true}]}}