{"id":24662,"date":"2021-07-01T08:09:11","date_gmt":"2021-07-01T08:09:11","guid":{"rendered":"https:\/\/www.funeraillesdesablens.be\/uitvaartplanner-logghe\/"},"modified":"2025-12-17T14:59:40","modified_gmt":"2025-12-17T13:59:40","slug":"les-funerailles-desablens-sereni","status":"publish","type":"page","link":"https:\/\/www.funeraillesdesablens.be\/fr\/","title":{"rendered":"Home"},"content":{"rendered":"\n<div id=\"block-main-banner-block_44add62e6f3dd87cd1bd2737e84337aa\" class=\"block-main-banner\">\n    <div class=\"container\">\n        <div class=\"banner-wrap layout2 content_right content_bottom\">\n            <div class=\"banner-image\">\n                                                            <img decoding=\"async\" width=\"960\" height=\"1440\" src=\"https:\/\/www.touche.be\/app\/uploads\/sites\/44\/2024\/07\/CMS_Desablens_Funerailles_Tournai-960x1440.jpg\" class=\"attachment-full-stretched size-full-stretched\" alt=\"Home\" srcset=\"https:\/\/www.touche.be\/app\/uploads\/sites\/44\/2024\/07\/CMS_Desablens_Funerailles_Tournai-960x1440.jpg 960w, https:\/\/www.touche.be\/app\/uploads\/sites\/44\/2024\/07\/CMS_Desablens_Funerailles_Tournai-200x300.jpg 200w, https:\/\/www.touche.be\/app\/uploads\/sites\/44\/2024\/07\/CMS_Desablens_Funerailles_Tournai-683x1024.jpg 683w, https:\/\/www.touche.be\/app\/uploads\/sites\/44\/2024\/07\/CMS_Desablens_Funerailles_Tournai-768x1152.jpg 768w, https:\/\/www.touche.be\/app\/uploads\/sites\/44\/2024\/07\/CMS_Desablens_Funerailles_Tournai-1024x1536.jpg 1024w, https:\/\/www.touche.be\/app\/uploads\/sites\/44\/2024\/07\/CMS_Desablens_Funerailles_Tournai-867x1300.jpg 867w, https:\/\/www.touche.be\/app\/uploads\/sites\/44\/2024\/07\/CMS_Desablens_Funerailles_Tournai-600x900.jpg 600w, https:\/\/www.touche.be\/app\/uploads\/sites\/44\/2024\/07\/CMS_Desablens_Funerailles_Tournai-400x600.jpg 400w, https:\/\/www.touche.be\/app\/uploads\/sites\/44\/2024\/07\/CMS_Desablens_Funerailles_Tournai.jpg 1200w\" sizes=\"(max-width: 960px) 100vw, 960px\" title=\"Home\" \/>                                                <\/div>\n\n                            <div class=\"banner-content\">\n                    <div class=\"inner\">\n                        <h2>Les fun\u00e9railles Desablens prennent le temps pour organiser des fun\u00e9railles personnalis\u00e9es.<\/h2>\n<p>Lorsque vous devez faire vos adieux \u00e0 un \u00eatre cher, vous souhaitez vous rem\u00e9morer les beaux moments et en conserver le souvenir le plus longtemps possible. Des\u00a0<strong>fun\u00e9railles<\/strong>\u00a0<strong>personnalis\u00e9es<\/strong>\u00a0vous permettront de trouver du r\u00e9confort.<\/p>\n<p><a class=\"btn btn-primary\" href=\"tel:069-54-64-22\">069 54 64 22<\/a> <a class=\"btn btn-primary\" href=\"https:\/\/www.funeraillesdesablens.be\/fr\/contact\/\">Assistance suite \u00e0 un d\u00e9c\u00e8s<\/a> <a class=\"btn btn-primary\" href=\"https:\/\/www.funeraillesdesablens.be\/fr\/condoleances\/\">Condol\u00e9ances<\/a><\/p>\n                    <\/div>\n                <\/div>\n                    <\/div>\n    <\/div>\n<\/div>\n\n\n\n<div id=\"block-main-banner-block_ef1f9340a596e73f0ebabbe607caea44\" class=\"block-main-banner\">\n    <div class=\"container\">\n        <div class=\"banner-wrap layout2 content_left content_top\">\n            <div class=\"banner-image\">\n                                                            <img decoding=\"async\" width=\"1440\" height=\"960\" src=\"https:\/\/www.touche.be\/app\/uploads\/sites\/44\/2022\/05\/CMS_Desablens_FleursFunerailles-1440x960.jpg\" class=\"attachment-full-stretched size-full-stretched\" alt=\"Home\" srcset=\"https:\/\/www.touche.be\/app\/uploads\/sites\/44\/2022\/05\/CMS_Desablens_FleursFunerailles-1440x960.jpg 1440w, https:\/\/www.touche.be\/app\/uploads\/sites\/44\/2022\/05\/CMS_Desablens_FleursFunerailles-300x200.jpg 300w, https:\/\/www.touche.be\/app\/uploads\/sites\/44\/2022\/05\/CMS_Desablens_FleursFunerailles-1024x683.jpg 1024w, https:\/\/www.touche.be\/app\/uploads\/sites\/44\/2022\/05\/CMS_Desablens_FleursFunerailles-768x512.jpg 768w, https:\/\/www.touche.be\/app\/uploads\/sites\/44\/2022\/05\/CMS_Desablens_FleursFunerailles-1536x1024.jpg 1536w, https:\/\/www.touche.be\/app\/uploads\/sites\/44\/2022\/05\/CMS_Desablens_FleursFunerailles-90x60.jpg 90w, https:\/\/www.touche.be\/app\/uploads\/sites\/44\/2022\/05\/CMS_Desablens_FleursFunerailles-105x70.jpg 105w, https:\/\/www.touche.be\/app\/uploads\/sites\/44\/2022\/05\/CMS_Desablens_FleursFunerailles-450x300.jpg 450w, https:\/\/www.touche.be\/app\/uploads\/sites\/44\/2022\/05\/CMS_Desablens_FleursFunerailles-1300x867.jpg 1300w, https:\/\/www.touche.be\/app\/uploads\/sites\/44\/2022\/05\/CMS_Desablens_FleursFunerailles-600x400.jpg 600w, https:\/\/www.touche.be\/app\/uploads\/sites\/44\/2022\/05\/CMS_Desablens_FleursFunerailles.jpg 1800w\" sizes=\"(max-width: 1440px) 100vw, 1440px\" title=\"Home\" \/>                                                <\/div>\n\n                            <div class=\"banner-content\">\n                    <div class=\"inner\">\n                        <h2>Vivre son deuil n\u2019est pas l\u00e2cher prise, c\u2019est se connecter<\/h2>\n<p>Quelles que soient vos convictions philosophiques, votre demande toute particuli\u00e8re, les fun\u00e9railles Desablens est l\u00e0, bienveillante, pour vous aider au mieux en toute discr\u00e9tion et dans le respect des volont\u00e9s du d\u00e9funt dans l\u2019avant, le pendant et l\u2019apr\u00e8s d\u00e9c\u00e8s.<\/p>\n<p><a class=\"btn btn-primary\" href=\"https:\/\/www.funeraillesdesablens.be\/fr\/contact\/\"> Contactez-nous<\/a><\/p>\n                    <\/div>\n                <\/div>\n                    <\/div>\n    <\/div>\n<\/div>\n\n\n\n<div id=\"block-main-banner-block_fe5c4467c8db8ea04142c3f547cedaa9\" class=\"block-main-banner\">\n    <div class=\"container\">\n        <div class=\"banner-wrap layout2 content_right content_top\">\n            <div class=\"banner-image\">\n                                                            <img decoding=\"async\" width=\"691\" height=\"628\" src=\"https:\/\/www.touche.be\/app\/uploads\/sites\/44\/2025\/12\/Carnet-mes-dernieres-volontes-Sereni.jpg\" class=\"attachment-full-stretched size-full-stretched\" alt=\"Home\" srcset=\"https:\/\/www.touche.be\/app\/uploads\/sites\/44\/2025\/12\/Carnet-mes-dernieres-volontes-Sereni.jpg 691w, https:\/\/www.touche.be\/app\/uploads\/sites\/44\/2025\/12\/Carnet-mes-dernieres-volontes-Sereni-300x273.jpg 300w, https:\/\/www.touche.be\/app\/uploads\/sites\/44\/2025\/12\/Carnet-mes-dernieres-volontes-Sereni-330x300.jpg 330w\" sizes=\"(max-width: 691px) 100vw, 691px\" title=\"Home\" \/>                                                <\/div>\n\n                            <div class=\"banner-content\">\n                    <div class=\"inner\">\n                        <h2>Mes derni\u00e8res volont\u00e9s<\/h2>\n<p>Pr\u00e9parer un d\u00e9part, c\u2019est r\u00e9fl\u00e9chir \u00e0 la vie \u2014 \u00e0 ce qui compte pour vous et \u00e0 ce que vous souhaitez laisser derri\u00e8re vous.<br \/>\nLe carnet <em>Mes Derni\u00e8res Volont\u00e9s<\/em> vous accompagne pour r\u00e9fl\u00e9chir \u00e0 :<\/p>\n<ul>\n<li><strong>Ce qui vous d\u00e9finit<\/strong><\/li>\n<li><strong>La musique ou les mots qui vous r\u00e9confortent<\/strong><\/li>\n<li><strong>Les rituels et souhaits<\/strong> qui ont une signification pour vous<\/li>\n<\/ul>\n<p>Le remplir vous apporte s\u00e9r\u00e9nit\u00e9 et facilite les \u00e9changes avec vos proches.<br \/>\nVous pouvez le compl\u00e9ter en ligne via <a class=\"text-yellow\" href=\"https:\/\/mijn.sereni.be\/fr-BE\/connexion\" target=\"_blank\" rel=\"noopener\"><strong>Mon Sereni.be<\/strong><\/a> ou demander une version papier aupr\u00e8s de <a class=\"text-yellow\" href=\"https:\/\/www.sereni.be\/fr\/branch\" target=\"_blank\" rel=\"noopener\"><strong>nos conseillers fun\u00e9raires<\/strong><\/a>.<\/p>\n<p><a class=\"btn btn-primary\" href=\"https:\/\/mijn.sereni.be\/fr-BE\/connexion\" target=\"_blank\" rel=\"noopener\">Je remplis la version digitale du carnet<\/a><\/p>\n                    <\/div>\n                <\/div>\n                    <\/div>\n    <\/div>\n<\/div>\n","protected":false},"excerpt":{"rendered":"","protected":false},"author":1,"featured_media":0,"parent":0,"menu_order":0,"comment_status":"closed","ping_status":"closed","template":"views\/template-homepage.blade.php","meta":{"_acf_changed":false,"footnotes":""},"class_list":["post-24662","page","type-page","status-publish","hentry"],"acf":[],"yoast_head":"<!-- This site is optimized with the Yoast SEO plugin v25.8 - https:\/\/yoast.com\/wordpress\/plugins\/seo\/ -->\n<title>Les fun\u00e9railles Desablens I Sereni<\/title>\n<meta name=\"description\" content=\"Les Pompes Fun\u00e8bres Desablens proposent des fun\u00e9railles uniques. Service d&#039;adieu, n\u00e9crologie, reliquaires, ... . Desablens R\u00e9gion Tournai\" \/>\n<meta name=\"robots\" content=\"index, follow, max-snippet:-1, max-image-preview:large, max-video-preview:-1\" \/>\n<link rel=\"canonical\" href=\"https:\/\/www.funeraillesdesablens.be\/fr\/\" \/>\n<meta property=\"og:locale\" content=\"fr_FR\" \/>\n<meta property=\"og:type\" content=\"article\" \/>\n<meta property=\"og:title\" content=\"Les fun\u00e9railles Desablens I Sereni\" \/>\n<meta property=\"og:description\" content=\"Les Pompes Fun\u00e8bres Desablens proposent des fun\u00e9railles uniques. Service d&#039;adieu, n\u00e9crologie, reliquaires, ... . Desablens R\u00e9gion Tournai\" \/>\n<meta property=\"og:url\" content=\"https:\/\/www.funeraillesdesablens.be\/fr\/\" \/>\n<meta property=\"og:site_name\" content=\"Desablens\" \/>\n<meta property=\"article:modified_time\" content=\"2025-12-17T13:59:40+00:00\" \/>\n<meta property=\"og:image\" content=\"https:\/\/www.touche.be\/app\/uploads\/sites\/44\/2025\/06\/Social-image-Desablens-.jpg\" \/>\n\t<meta property=\"og:image:width\" content=\"1800\" \/>\n\t<meta property=\"og:image:height\" content=\"628\" \/>\n\t<meta property=\"og:image:type\" content=\"image\/jpeg\" \/>\n<meta name=\"twitter:card\" content=\"summary_large_image\" \/>\n<meta name=\"twitter:label1\" content=\"Est. reading time\" \/>\n\t<meta name=\"twitter:data1\" content=\"2 minutes\" \/>\n<script type=\"application\/ld+json\" class=\"yoast-schema-graph\">{\"@context\":\"https:\/\/schema.org\",\"@graph\":[{\"@type\":\"WebPage\",\"@id\":\"https:\/\/www.funeraillesdesablens.be\/fr\/\",\"url\":\"https:\/\/www.funeraillesdesablens.be\/fr\/\",\"name\":\"Les fun\u00e9railles Desablens I Sereni\",\"isPartOf\":{\"@id\":\"https:\/\/www.funeraillesdesablens.be\/fr\/#website\"},\"datePublished\":\"2021-07-01T08:09:11+00:00\",\"dateModified\":\"2025-12-17T13:59:40+00:00\",\"description\":\"Les Pompes Fun\u00e8bres Desablens proposent des fun\u00e9railles uniques. Service d'adieu, n\u00e9crologie, reliquaires, ... . Desablens R\u00e9gion Tournai\",\"inLanguage\":\"fr-FR\",\"potentialAction\":[{\"@type\":\"ReadAction\",\"target\":[\"https:\/\/www.funeraillesdesablens.be\/fr\/\"]}]},{\"@type\":\"WebSite\",\"@id\":\"https:\/\/www.funeraillesdesablens.be\/fr\/#website\",\"url\":\"https:\/\/www.funeraillesdesablens.be\/fr\/\",\"name\":\"Desablens\",\"description\":\"Just another Sereni site\",\"potentialAction\":[{\"@type\":\"SearchAction\",\"target\":{\"@type\":\"EntryPoint\",\"urlTemplate\":\"https:\/\/www.funeraillesdesablens.be\/fr\/?s={search_term_string}\"},\"query-input\":{\"@type\":\"PropertyValueSpecification\",\"valueRequired\":true,\"valueName\":\"search_term_string\"}}],\"inLanguage\":\"fr-FR\"}]}<\/script>\n<!-- \/ Yoast SEO plugin. -->","yoast_head_json":{"title":"Les fun\u00e9railles Desablens I Sereni","description":"Les Pompes Fun\u00e8bres Desablens proposent des fun\u00e9railles uniques. Service d'adieu, n\u00e9crologie, reliquaires, ... . Desablens R\u00e9gion Tournai","robots":{"index":"index","follow":"follow","max-snippet":"max-snippet:-1","max-image-preview":"max-image-preview:large","max-video-preview":"max-video-preview:-1"},"canonical":"https:\/\/www.funeraillesdesablens.be\/fr\/","og_locale":"fr_FR","og_type":"article","og_title":"Les fun\u00e9railles Desablens I Sereni","og_description":"Les Pompes Fun\u00e8bres Desablens proposent des fun\u00e9railles uniques. Service d'adieu, n\u00e9crologie, reliquaires, ... . Desablens R\u00e9gion Tournai","og_url":"https:\/\/www.funeraillesdesablens.be\/fr\/","og_site_name":"Desablens","article_modified_time":"2025-12-17T13:59:40+00:00","og_image":[{"width":1800,"height":628,"url":"https:\/\/www.touche.be\/app\/uploads\/sites\/44\/2025\/06\/Social-image-Desablens-.jpg","type":"image\/jpeg"}],"twitter_card":"summary_large_image","twitter_misc":{"Est. reading time":"2 minutes"},"schema":{"@context":"https:\/\/schema.org","@graph":[{"@type":"WebPage","@id":"https:\/\/www.funeraillesdesablens.be\/fr\/","url":"https:\/\/www.funeraillesdesablens.be\/fr\/","name":"Les fun\u00e9railles Desablens I Sereni","isPartOf":{"@id":"https:\/\/www.funeraillesdesablens.be\/fr\/#website"},"datePublished":"2021-07-01T08:09:11+00:00","dateModified":"2025-12-17T13:59:40+00:00","description":"Les Pompes Fun\u00e8bres Desablens proposent des fun\u00e9railles uniques. Service d'adieu, n\u00e9crologie, reliquaires, ... . Desablens R\u00e9gion Tournai","inLanguage":"fr-FR","potentialAction":[{"@type":"ReadAction","target":["https:\/\/www.funeraillesdesablens.be\/fr\/"]}]},{"@type":"WebSite","@id":"https:\/\/www.funeraillesdesablens.be\/fr\/#website","url":"https:\/\/www.funeraillesdesablens.be\/fr\/","name":"Desablens","description":"Just another Sereni site","potentialAction":[{"@type":"SearchAction","target":{"@type":"EntryPoint","urlTemplate":"https:\/\/www.funeraillesdesablens.be\/fr\/?s={search_term_string}"},"query-input":{"@type":"PropertyValueSpecification","valueRequired":true,"valueName":"search_term_string"}}],"inLanguage":"fr-FR"}]}},"_links":{"self":[{"href":"https:\/\/www.funeraillesdesablens.be\/fr\/wp-json\/wp\/v2\/pages\/24662","targetHints":{"allow":["GET"]}}],"collection":[{"href":"https:\/\/www.funeraillesdesablens.be\/fr\/wp-json\/wp\/v2\/pages"}],"about":[{"href":"https:\/\/www.funeraillesdesablens.be\/fr\/wp-json\/wp\/v2\/types\/page"}],"author":[{"embeddable":true,"href":"https:\/\/www.funeraillesdesablens.be\/fr\/wp-json\/wp\/v2\/users\/1"}],"replies":[{"embeddable":true,"href":"https:\/\/www.funeraillesdesablens.be\/fr\/wp-json\/wp\/v2\/comments?post=24662"}],"version-history":[{"count":5,"href":"https:\/\/www.funeraillesdesablens.be\/fr\/wp-json\/wp\/v2\/pages\/24662\/revisions"}],"predecessor-version":[{"id":81189,"href":"https:\/\/www.funeraillesdesablens.be\/fr\/wp-json\/wp\/v2\/pages\/24662\/revisions\/81189"}],"wp:attachment":[{"href":"https:\/\/www.funeraillesdesablens.be\/fr\/wp-json\/wp\/v2\/media?parent=24662"}],"curies":[{"name":"wp","href":"https:\/\/api.w.org\/{rel}","templated":true}]}}